{"id":4896,"date":"2020-03-12T09:05:05","date_gmt":"2020-03-12T09:05:05","guid":{"rendered":"http:\/\/www.e-galex.lt\/?product=moteriski-standartiniu-sokiu-bateliai-monika"},"modified":"2024-09-25T12:43:46","modified_gmt":"2024-09-25T10:43:46","slug":"moteriski-standartiniu-sokiu-bateliai-monika","status":"publish","type":"product","link":"https:\/\/www.e-galex.lt\/ru\/product\/moteriski-standartiniu-sokiu-bateliai-monika","title":{"rendered":"Moteri\u0161ki standartini\u0173 \u0161oki\u0173 bateliai-MONIKA"},"content":{"rendered":"<p>Moteri\u0161ki standartini\u0173 \u0161oki\u0173 bateliai- MONIKA.Priekyje yra guma,kurios d\u0117ka batelis gerai priglunda prie p\u0117dos.Dir\u017eeliai dar geriau prilaiko p\u0117d\u0105.<\/p>\n","protected":false},"excerpt":{"rendered":"<p><em><span style=\"color: #ff0000;\">Neradote ko ie\u0161kojote?Susisiekite su mumis ir mes Jums pad\u0117sime!<\/span><\/em><\/p>\n","protected":false},"featured_media":4897,"template":"","meta":{"_et_pb_use_builder":"","_et_pb_old_content":"","_et_gb_content_width":""},"product_brand":[],"product_cat":[81],"product_tag":[93],"class_list":{"0":"post-4896","1":"product","2":"type-product","3":"status-publish","4":"has-post-thumbnail","6":"product_cat-nauja-kolekcija","7":"product_tag-standartiniu-sokiu-bateliai","8":"pa_dydis-122","9":"pa_dydis-123","10":"pa_dydis-124","11":"pa_dydis-125","12":"pa_dydis-126","13":"pa_dydis-127","14":"pa_dydis-94","15":"pa_dydis-95","16":"pa_dydis-96","17":"pa_dydis-97","18":"pa_dydis-98","19":"pa_dydis-99","20":"pa_dydis-100","21":"pa_kulno-tipas-flaref8cm","22":"pa_kulno-tipas-slims8cm","23":"pa_kulno-tipas-flaref6cm","24":"pa_kulno-tipas-slims6cm","25":"pa_kulno-tipas-flaref5cm","26":"pa_kulno-tipas-flareh5cm","27":"pa_kulno-tipas-slims5cm","28":"pa_kulno-tipas-slims4cm","29":"pa_medziaga-spalva-atlasas-idegis","30":"pa_medziaga-spalva-atlasas-kedras","31":"pa_medziaga-spalva-atlasas-balta","33":"first","34":"instock","35":"taxable","36":"shipping-taxable","37":"purchasable","38":"product-type-variable"},"jetpack_sharing_enabled":true,"_links":{"self":[{"href":"https:\/\/www.e-galex.lt\/ru\/wp-json\/wp\/v2\/product\/4896","targetHints":{"allow":["GET"]}}],"collection":[{"href":"https:\/\/www.e-galex.lt\/ru\/wp-json\/wp\/v2\/product"}],"about":[{"href":"https:\/\/www.e-galex.lt\/ru\/wp-json\/wp\/v2\/types\/product"}],"wp:featuredmedia":[{"embeddable":true,"href":"https:\/\/www.e-galex.lt\/ru\/wp-json\/wp\/v2\/media\/4897"}],"wp:attachment":[{"href":"https:\/\/www.e-galex.lt\/ru\/wp-json\/wp\/v2\/media?parent=4896"}],"wp:term":[{"taxonomy":"product_brand","embeddable":true,"href":"https:\/\/www.e-galex.lt\/ru\/wp-json\/wp\/v2\/product_brand?post=4896"},{"taxonomy":"product_cat","embeddable":true,"href":"https:\/\/www.e-galex.lt\/ru\/wp-json\/wp\/v2\/product_cat?post=4896"},{"taxonomy":"product_tag","embeddable":true,"href":"https:\/\/www.e-galex.lt\/ru\/wp-json\/wp\/v2\/product_tag?post=4896"}],"curies":[{"name":"wp","href":"https:\/\/api.w.org\/{rel}","templated":true}]}}