{"id":4806,"date":"2020-03-12T08:08:23","date_gmt":"2020-03-12T08:08:23","guid":{"rendered":"http:\/\/www.e-galex.lt\/?product=berniuku-bateliai-1001"},"modified":"2024-09-25T12:42:22","modified_gmt":"2024-09-25T10:42:22","slug":"berniuku-bateliai-1001","status":"publish","type":"product","link":"https:\/\/www.e-galex.lt\/ru\/product\/berniuku-bateliai-1001","title":{"rendered":"Berniuk\u0173 bateliai-1001"},"content":{"rendered":"<p>Berniuk\u0173 \u0161oki\u0173 bateliai.<\/p>\n","protected":false},"excerpt":{"rendered":"<p>Berniuk\u0173 \u0161oki\u0173 bateliai.<\/p>\n","protected":false},"featured_media":4807,"template":"","meta":{"_et_pb_use_builder":"","_et_pb_old_content":"","_et_gb_content_width":""},"product_brand":[],"product_cat":[81],"product_tag":[111],"class_list":{"0":"post-4806","1":"product","2":"type-product","3":"status-publish","4":"has-post-thumbnail","6":"product_cat-nauja-kolekcija","7":"product_tag-berniuku-bateliai","8":"pa_dydis-112","9":"pa_dydis-113","10":"pa_dydis-114","11":"pa_dydis-115","12":"pa_dydis-116","13":"pa_dydis-117","14":"pa_dydis-118","15":"pa_dydis-119","16":"pa_dydis-120","17":"pa_dydis-121","18":"pa_dydis-122","19":"pa_dydis-123","20":"pa_dydis-124","21":"pa_dydis-125","22":"pa_dydis-126","23":"pa_dydis-127","24":"pa_medziaga-spalva-nubukas-juoda","25":"pa_medziaga-spalva-oda-juoda","26":"pa_medziaga-spalva-lakas-juoda","28":"first","29":"instock","30":"taxable","31":"shipping-taxable","32":"purchasable","33":"product-type-variable"},"jetpack_sharing_enabled":true,"_links":{"self":[{"href":"https:\/\/www.e-galex.lt\/ru\/wp-json\/wp\/v2\/product\/4806","targetHints":{"allow":["GET"]}}],"collection":[{"href":"https:\/\/www.e-galex.lt\/ru\/wp-json\/wp\/v2\/product"}],"about":[{"href":"https:\/\/www.e-galex.lt\/ru\/wp-json\/wp\/v2\/types\/product"}],"wp:featuredmedia":[{"embeddable":true,"href":"https:\/\/www.e-galex.lt\/ru\/wp-json\/wp\/v2\/media\/4807"}],"wp:attachment":[{"href":"https:\/\/www.e-galex.lt\/ru\/wp-json\/wp\/v2\/media?parent=4806"}],"wp:term":[{"taxonomy":"product_brand","embeddable":true,"href":"https:\/\/www.e-galex.lt\/ru\/wp-json\/wp\/v2\/product_brand?post=4806"},{"taxonomy":"product_cat","embeddable":true,"href":"https:\/\/www.e-galex.lt\/ru\/wp-json\/wp\/v2\/product_cat?post=4806"},{"taxonomy":"product_tag","embeddable":true,"href":"https:\/\/www.e-galex.lt\/ru\/wp-json\/wp\/v2\/product_tag?post=4806"}],"curies":[{"name":"wp","href":"https:\/\/api.w.org\/{rel}","templated":true}]}}