{"id":11140,"date":"2020-04-04T17:26:10","date_gmt":"2020-04-04T17:26:10","guid":{"rendered":"http:\/\/www.e-galex.lt\/?product=batu-kulnu-apsaugos"},"modified":"2022-09-01T09:41:49","modified_gmt":"2022-09-01T07:41:49","slug":"batu-kulnu-apsaugos","status":"publish","type":"product","link":"https:\/\/www.e-galex.lt\/ru\/product\/batu-kulnu-apsaugos","title":{"rendered":"Bat\u0173 kuln\u0173 apsaugos"},"content":{"rendered":"<p>Bat\u0173 kuln\u0173 apsaugos<\/p>\n","protected":false},"excerpt":{"rendered":"<p>Bat\u0173 kuln\u0173 apsaugos<\/p>\n","protected":false},"featured_media":11141,"template":"","meta":{"_et_pb_use_builder":"","_et_pb_old_content":"","_et_gb_content_width":""},"product_brand":[],"product_cat":[92],"product_tag":[],"class_list":{"0":"post-11140","1":"product","2":"type-product","3":"status-publish","4":"has-post-thumbnail","6":"product_cat-aksesuarai","8":"first","9":"instock","10":"taxable","11":"shipping-taxable","12":"purchasable","13":"product-type-simple"},"jetpack_sharing_enabled":true,"_links":{"self":[{"href":"https:\/\/www.e-galex.lt\/ru\/wp-json\/wp\/v2\/product\/11140","targetHints":{"allow":["GET"]}}],"collection":[{"href":"https:\/\/www.e-galex.lt\/ru\/wp-json\/wp\/v2\/product"}],"about":[{"href":"https:\/\/www.e-galex.lt\/ru\/wp-json\/wp\/v2\/types\/product"}],"wp:featuredmedia":[{"embeddable":true,"href":"https:\/\/www.e-galex.lt\/ru\/wp-json\/wp\/v2\/media\/11141"}],"wp:attachment":[{"href":"https:\/\/www.e-galex.lt\/ru\/wp-json\/wp\/v2\/media?parent=11140"}],"wp:term":[{"taxonomy":"product_brand","embeddable":true,"href":"https:\/\/www.e-galex.lt\/ru\/wp-json\/wp\/v2\/product_brand?post=11140"},{"taxonomy":"product_cat","embeddable":true,"href":"https:\/\/www.e-galex.lt\/ru\/wp-json\/wp\/v2\/product_cat?post=11140"},{"taxonomy":"product_tag","embeddable":true,"href":"https:\/\/www.e-galex.lt\/ru\/wp-json\/wp\/v2\/product_tag?post=11140"}],"curies":[{"name":"wp","href":"https:\/\/api.w.org\/{rel}","templated":true}]}}