{"id":3255,"date":"2020-12-31T16:36:44","date_gmt":"2020-12-31T16:36:44","guid":{"rendered":"http:\/\/www.e-galex.lt\/?page_id=3255"},"modified":"2024-09-25T13:18:44","modified_gmt":"2024-09-25T11:18:44","slug":"automatiskai-issaugotas-juodrastis","status":"publish","type":"page","link":"https:\/\/www.e-galex.lt\/ru\/","title":{"rendered":"Automati\u0161kai i\u0161saugotas juodra\u0161tis"},"content":{"rendered":"<p>[et_pb_section fb_built=&#187;1&#8243; fullwidth=&#187;on&#187; module_class=&#187;home-slider&#187; _builder_version=&#187;4.7.7&#8243; _module_preset=&#187;default&#187;][et_pb_fullwidth_slider _builder_version=&#187;4.7.7&#8243; _module_preset=&#187;default&#187; header_level=&#187;h1&#8243; header_font=&#187;|600||on|||||&#187; header_font_size=&#187;50px&#187; body_font_size=&#187;17px&#187; custom_button=&#187;on&#187; button_text_color=&#187;#ffffff&#187; button_bg_color=&#187;#ef3f49&#8243; button_border_color=&#187;#ef3f49&#8243; button_border_radius=&#187;100px&#187; button_use_icon=&#187;off&#187; custom_padding=&#187;150px||150px||false|false&#187; auto=&#187;on&#187; header_font_size_tablet=&#187;40px&#187; header_font_size_phone=&#187;35px&#187; header_font_size_last_edited=&#187;on|desktop&#187; body_font_size_tablet=&#187;16px&#187; body_font_size_phone=&#187;15px&#187; body_font_size_last_edited=&#187;on|desktop&#187; button_text_size_tablet=&#187;&#187; button_text_size_phone=&#187;&#187; button_text_size_last_edited=&#187;on|desktop&#187; custom_css_before=&#187;<!-- Global site tag (gtag.js) - Google Analytics -->||||||  window.dataLayer = window.dataLayer || %91%93;||  function gtag(){dataLayer.push(arguments);}||  gtag(&#8216;js&#8217;, new Date());||||  gtag(&#8216;config&#8217;, &#8216;UA-176283405-1&#8217;);||||&#187; custom_css_slide_title=&#187;font-weight: 800 !important;&#187;][et_pb_slide heading=&#187;Galex avalyn\u0117s gamyba&#187; use_bg_overlay=&#187;on&#187; bg_overlay_color=&#187;rgba(0,0,0,0.43)&#187; _builder_version=&#187;4.7.7&#8243; _module_preset=&#187;default&#187; header_level=&#187;h1&#8243; header_text_align=&#187;left&#187; header_font_size=&#187;40px&#187; body_text_align=&#187;left&#187; background_image=&#187;https:\/\/www.e-galex.lt\/wp-content\/uploads\/2021\/05\/953-scaled.jpg&#187; background_enable_image=&#187;on&#187; button_alignment=&#187;left&#187; text_orientation=&#187;center&#187; header_font_size_tablet=&#187;40px&#187; header_font_size_phone=&#187;40px&#187; header_font_size_last_edited=&#187;on|desktop&#187; sticky_transition=&#187;on&#187;]<\/p>\n<p>Galex avalyn\u0117s gamyboje naudojami modern\u016bs \u012frengimai, kokybi\u0161kos med\u017eiagos i\u0161 Italijos. Gamybos technologija u\u017epatentuota Ukrainoje ir u\u017esienyje. Vyri\u0161kos avalyn\u0117s gamyboje naudojamas pado prisiuvimo metodas, kas garantuoja, kad padas neatsiklijuos.<\/p>\n<p>[\/et_pb_slide][et_pb_slide heading=&#187;Priimame ir individualius u\u017esakymus&#187; use_bg_overlay=&#187;on&#187; bg_overlay_color=&#187;rgba(0,0,0,0.59)&#187; _builder_version=&#187;4.7.7&#8243; _module_preset=&#187;default&#187; header_level=&#187;h1&#8243; header_text_align=&#187;left&#187; header_font_size=&#187;40px&#187; body_text_align=&#187;left&#187; background_image=&#187;https:\/\/www.e-galex.lt\/wp-content\/uploads\/2021\/05\/1782-scaled.jpg&#187; background_enable_image=&#187;on&#187; button_alignment=&#187;left&#187; text_orientation=&#187;center&#187; header_font_size_tablet=&#187;40px&#187; header_font_size_phone=&#187;40px&#187; header_font_size_last_edited=&#187;on|desktop&#187; sticky_transition=&#187;on&#187;]<\/p>\n<p>Kadangi Galex modeliuotojai atsi\u017evelgia \u012f klient\u0173 pageidavimus bei pasi\u016blymus, galite u\u017esisakyti batus pagal individual\u0173 u\u017esakym\u0105, pasirinkdami model\u012f, med\u017eiag\u0105, spalv\u0105, kulno auk\u0161t\u012f ir model\u012f.<\/p>\n<p>[\/et_pb_slide][\/et_pb_fullwidth_slider][\/et_pb_section][et_pb_section fb_built=&#187;1&#8243; _builder_version=&#187;4.7.7&#8243; _module_preset=&#187;default&#187;][et_pb_row _builder_version=&#187;4.7.7&#8243; _module_preset=&#187;default&#187;][et_pb_column type=&#187;4_4&#8243; _builder_version=&#187;4.7.7&#8243; _module_preset=&#187;default&#187;][et_pb_text module_class=&#187;default-header&#187; _builder_version=&#187;4.7.7&#8243; _module_preset=&#187;default&#187;]<\/p>\n<h1><span class=\"VIiyi\" lang=\"ru\"><span class=\"JLqJ4b ChMk0b C1N51c\" data-language-for-alternatives=\"ru\" data-language-to-translate-into=\"lt\" data-phrase-index=\"0\">Prekiaujame originalia GALEX\u2122 avalyne ir kita produkcija<br \/><\/span><\/span><\/h1>\n<p><span class=\"VIiyi\" lang=\"ru\"><span class=\"JLqJ4b ChMk0b C1N51c\" data-language-for-alternatives=\"ru\" data-language-to-translate-into=\"lt\" data-phrase-index=\"0\">Esame vieninteliai oficial\u016bs GALEX atstovai Lietuvoje ir Latvijoje.<br \/><\/span><\/span><\/p>\n<p>[\/et_pb_text][\/et_pb_column][\/et_pb_row][et_pb_row column_structure=&#187;1_2,1_2&#8243; make_equal=&#187;on&#187; module_class=&#187;shop-category-cta&#187; _builder_version=&#187;4.7.7&#8243; _module_preset=&#187;default&#187; module_alignment=&#187;center&#187; custom_margin=&#187;0px||0px||false|false&#187; custom_padding=&#187;15px||15px||false|false&#187;][et_pb_column type=&#187;1_2&#8243; _builder_version=&#187;4.7.7&#8243; _module_preset=&#187;default&#187;][et_pb_shop type=&#187;product_category&#187; posts_number=&#187;2&#8243; include_categories=&#187;82&#8243; columns_number=&#187;2&#8243; orderby=&#187;popularity&#187; admin_label=&#187;Sienu-danfa- eshop &#8212; 2vnt&#187; _builder_version=&#187;4.7.7&#8243; _module_preset=&#187;default&#187;][\/et_pb_shop][\/et_pb_column][et_pb_column type=&#187;1_2&#8243; module_class=&#187;column-cta&#187; _builder_version=&#187;4.7.7&#8243; _module_preset=&#187;default&#187; background_image=&#187;https:\/\/www.e-galex.lt\/wp-content\/uploads\/2021\/05\/187534279_957320535043508_7845356184650317245_n.jpg&#187; background_position=&#187;center_left&#187;][et_pb_cta title=&#187;Vyrams&#187; button_url=&#187;https:\/\/www.e-galex.lt\/produkto-kategorija\/vyrams&#187; button_text=&#187;Katalogas&#187; admin_label=&#187;Vyrams&#187; _builder_version=&#187;4.7.7&#8243; _module_preset=&#187;default&#187; header_font=&#187;|700||on|||||&#187; header_text_align=&#187;center&#187; header_font_size=&#187;50px&#187; body_font=&#187;|300|||||||&#187; body_text_align=&#187;center&#187; body_font_size=&#187;25px&#187; use_background_color=&#187;off&#187; custom_button=&#187;on&#187; button_text_size=&#187;16px&#187; button_border_radius=&#187;100px&#187; button_use_icon=&#187;off&#187; button_alignment=&#187;center&#187; z_index=&#187;0&#8243; module_alignment=&#187;center&#187; link_option_url=&#187;https:\/\/www.e-galex.lt\/produkto-kategorija\/vyrams&#187; header_font_size_tablet=&#187;40px&#187; header_font_size_phone=&#187;35px&#187; header_font_size_last_edited=&#187;on|phone&#187; body_font_size_tablet=&#187;23px&#187; body_font_size_phone=&#187;20px&#187; body_font_size_last_edited=&#187;on|phone&#187; body_line_height_last_edited=&#187;off|desktop&#187; z_index_last_edited=&#187;off|desktop&#187; custom_css_promo_title=&#187;padding-bottom: 5px;&#187;]<\/p>\n<p><span class=\"VIiyi\" lang=\"ru\"><span class=\"JLqJ4b ChMk0b\" data-language-for-alternatives=\"ru\" data-language-to-translate-into=\"lt\" data-phrase-index=\"0\"><span class=\"VIiyi\" lang=\"lt\">Standartini\u0173 ir lotyni\u0161k\u0173 \u0161oki\u0173 avalyn\u0117<\/span><\/span><\/span><\/p>\n<p>[\/et_pb_cta][\/et_pb_column][\/et_pb_row][et_pb_row column_structure=&#187;1_2,1_2&#8243; make_equal=&#187;on&#187; module_class=&#187;shop-category-cta&#187; _builder_version=&#187;4.7.7&#8243; _module_preset=&#187;default&#187; module_alignment=&#187;center&#187; custom_margin=&#187;0px||0px||false|false&#187; custom_padding=&#187;15px||15px||false|false&#187;][et_pb_column type=&#187;1_2&#8243; module_class=&#187; column-cta&#187; _builder_version=&#187;4.7.7&#8243; _module_preset=&#187;default&#187; background_image=&#187;https:\/\/www.e-galex.lt\/wp-content\/uploads\/2021\/05\/1781-scaled.jpg&#187; background_position=&#187;center_left&#187;][et_pb_cta title=&#187;Moterims&#187; button_url=&#187;https:\/\/www.e-galex.lt\/produkto-kategorija\/moterims&#187; button_text=&#187;Katalogas&#187; admin_label=&#187;Moterims&#187; _builder_version=&#187;4.7.7&#8243; _module_preset=&#187;default&#187; header_font=&#187;|700||on|||||&#187; header_font_size=&#187;50px&#187; body_font=&#187;|300|||||||&#187; body_font_size=&#187;25px&#187; use_background_color=&#187;off&#187; custom_button=&#187;on&#187; button_text_size=&#187;16px&#187; button_border_radius=&#187;100px&#187; button_use_icon=&#187;off&#187; link_option_url=&#187;https:\/\/www.e-galex.lt\/produkto-kategorija\/moterims&#187; hover_enabled=&#187;0&#8243; header_font_size_tablet=&#187;40px&#187; header_font_size_phone=&#187;35px&#187; header_font_size_last_edited=&#187;on|desktop&#187; body_font_size_tablet=&#187;23px&#187; body_font_size_phone=&#187;20px&#187; body_font_size_last_edited=&#187;on|desktop&#187; custom_css_promo_title=&#187;padding-bottom: 5px;&#187; header_text_align=&#187;center&#187; body_text_align=&#187;center&#187; sticky_enabled=&#187;0&#8243;]<\/p>\n<p><span class=\"VIiyi\" lang=\"ru\"><span class=\"JLqJ4b ChMk0b\" data-language-for-alternatives=\"ru\" data-language-to-translate-into=\"lt\" data-phrase-index=\"0\"><span class=\"VIiyi\" lang=\"lt\">Standartini\u0173 ir lotyni\u0161k\u0173 \u0161oki\u0173 avalyn\u0117<\/span><\/span><\/span><\/p>\n<p>[\/et_pb_cta][\/et_pb_column][et_pb_column type=&#187;1_2&#8243; _builder_version=&#187;4.7.7&#8243; _module_preset=&#187;default&#187;][et_pb_shop type=&#187;product_category&#187; posts_number=&#187;2&#8243; include_categories=&#187;83&#8243; columns_number=&#187;2&#8243; orderby=&#187;popularity&#187; _builder_version=&#187;4.7.7&#8243; _module_preset=&#187;default&#187;][\/et_pb_shop][\/et_pb_column][\/et_pb_row][\/et_pb_section][et_pb_section fb_built=&#187;1&#8243; _builder_version=&#187;4.7.7&#8243; _module_preset=&#187;default&#187; background_image=&#187;https:\/\/www.e-galex.lt\/wp-content\/uploads\/2021\/07\/10112n-scaled.jpg&#187; parallax=&#187;on&#187; parallax_method=&#187;off&#187;][et_pb_row _builder_version=&#187;4.7.7&#8243; _module_preset=&#187;default&#187;][et_pb_column type=&#187;4_4&#8243; _builder_version=&#187;4.7.7&#8243; _module_preset=&#187;default&#187;][et_pb_cta title=&#187;Turite klausim\u0173? Neradote ko ie\u0161kojote?&#187; button_url=&#187;http:\/\/www.e-galex.lt\/kontaktai\/&#187; button_text=&#187;Susisiekite dabar&#187; admin_label=&#187;Call To Action&#187; _builder_version=&#187;4.7.7&#8243; _module_preset=&#187;default&#187; use_background_color=&#187;off&#187;]<\/p>\n<p><span class=\"VIiyi\" lang=\"ru\"><span class=\"JLqJ4b ChMk0b\" data-language-for-alternatives=\"ru\" data-language-to-translate-into=\"lt\" data-phrase-index=\"0\">Susisiekite su mumis dabar ir mes pad\u0117sime jums rasti ko ie\u0161kote.<\/span><\/span><\/p>\n<p>[\/et_pb_cta][\/et_pb_column][\/et_pb_row][\/et_pb_section][et_pb_section fb_built=&#187;1&#8243; _builder_version=&#187;4.7.7&#8243; _module_preset=&#187;default&#187; background_color=&#187;#f9f9f9&#8243; custom_margin=&#187;||36px||false|false&#187;][et_pb_row column_structure=&#187;1_2,1_2&#8243; _builder_version=&#187;4.7.7&#8243; _module_preset=&#187;default&#187; module_alignment=&#187;center&#187;][et_pb_column type=&#187;1_2&#8243; _builder_version=&#187;4.7.7&#8243; _module_preset=&#187;default&#187;][et_pb_text admin_label=&#187;Text&#187; _builder_version=&#187;4.7.7&#8243; _module_preset=&#187;default&#187; text_font_size=&#187;16px&#187;]<\/p>\n<p><span class=\"VIiyi\" lang=\"ru\"><span class=\"JLqJ4b ChMk0b\" data-language-for-alternatives=\"ru\" data-language-to-translate-into=\"lt\" data-phrase-index=\"5\">\u012emon\u0117 Galex buvo \u012fkurta 1998 metais Ukrainoje, Kijevo mieste. \u012emon\u0117je gaminama puiki avalyn\u0117 ne tik sportini\u0173 \u0161oki\u0173 \u0161ok\u0117jams, bet ir teatro, cirko artistams.<br \/>Galex avalyn\u0117s gamyboje naudojami modern\u016bs \u012frengimai, kokybi\u0161kos med\u017eiagos i\u0161 Italijos. Gamybos technologija u\u017epatentuota Ukrainoje ir u\u017esienyje. Vyri\u0161kos avalyn\u0117s gamyboje naudojamas pado prisiuvimo metodas, kas garantuoja, kad padas neatsiklijuos.<br \/><\/span><\/span><\/p>\n<p>[\/et_pb_text][\/et_pb_column][et_pb_column type=&#187;1_2&#8243; _builder_version=&#187;4.7.7&#8243; _module_preset=&#187;default&#187;][et_pb_text admin_label=&#187;Text&#187; _builder_version=&#187;4.7.7&#8243; _module_preset=&#187;default&#187; text_font_size=&#187;16px&#187;]<\/p>\n<p><span class=\"VIiyi\" lang=\"ru\"><span class=\"JLqJ4b ChMk0b\" data-language-for-alternatives=\"ru\" data-language-to-translate-into=\"lt\" data-phrase-index=\"0\"><\/span><\/span>Kadangi Galex modeliuotojai atsi\u017evelgia \u012f klient\u0173 pageidavimus bei pasi\u016blymus, galite u\u017esisakyti batus pagal individual\u0173 u\u017esakym\u0105, pasirinkdami model\u012f, med\u017eiag\u0105, spalv\u0105, kulno auk\u0161t\u012f ir model\u012f.<\/p>\n<p><strong>J\u016bs \u0161okate-mes kuriame!<\/strong><span class=\"VIiyi\" lang=\"ru\"><span class=\"JLqJ4b ChMk0b\" data-language-for-alternatives=\"ru\" data-language-to-translate-into=\"lt\" data-phrase-index=\"0\"><br \/><\/span><\/span><\/p>\n<p>[\/et_pb_text][\/et_pb_column][\/et_pb_row][\/et_pb_section]<\/p>\n","protected":false},"excerpt":{"rendered":"<p>[et_pb_section fb_built=&#187;1&#8243; fullwidth=&#187;on&#187; module_class=&#187;home-slider&#187; _builder_version=&#187;4.7.7&#8243; _module_preset=&#187;default&#187;][et_pb_fullwidth_slider _builder_version=&#187;4.7.7&#8243; _module_preset=&#187;default&#187; header_level=&#187;h1&#8243; header_font=&#187;|600||on|||||&#187; header_font_size=&#187;50px&#187; body_font_size=&#187;17px&#187; custom_button=&#187;on&#187; button_text_color=&#187;#ffffff&#187; button_bg_color=&#187;#ef3f49&#8243; button_border_color=&#187;#ef3f49&#8243; button_border_radius=&#187;100px&#187; button_use_icon=&#187;off&#187; custom_padding=&#187;150px||150px||false|false&#187; auto=&#187;on&#187; header_font_size_tablet=&#187;40px&#187; header_font_size_phone=&#187;35px&#187; header_font_size_last_edited=&#187;on|desktop&#187; body_font_size_tablet=&#187;16px&#187; body_font_size_phone=&#187;15px&#187; body_font_size_last_edited=&#187;on|desktop&#187; button_text_size_tablet=&#187;&#187; button_text_size_phone=&#187;&#187; button_text_size_last_edited=&#187;on|desktop&#187; custom_css_before=&#187;|||||| window.dataLayer = window.dataLayer || %91%93;|| function gtag(){dataLayer.push(arguments);}|| gtag(&#8216;js&#8217;, new Date());|||| gtag(&#8216;config&#8217;, &#8216;UA-176283405-1&#8217;);||||&#187; custom_css_slide_title=&#187;font-weight: 800 !important;&#187;][et_pb_slide heading=&#187;Galex avalyn\u0117s gamyba&#187; use_bg_overlay=&#187;on&#187; bg_overlay_color=&#187;rgba(0,0,0,0.43)&#187; _builder_version=&#187;4.7.7&#8243; _module_preset=&#187;default&#187; header_level=&#187;h1&#8243; header_text_align=&#187;left&#187; header_font_size=&#187;40px&#187; [&hellip;]<\/p>\n","protected":false},"author":1,"featured_media":0,"parent":0,"menu_order":0,"comment_status":"closed","ping_status":"closed","template":"","meta":{"_et_pb_use_builder":"on","_et_pb_old_content":"","_et_gb_content_width":"","footnotes":""},"class_list":["post-3255","page","type-page","status-publish","hentry"],"jetpack_sharing_enabled":true,"_links":{"self":[{"href":"https:\/\/www.e-galex.lt\/ru\/wp-json\/wp\/v2\/pages\/3255","targetHints":{"allow":["GET"]}}],"collection":[{"href":"https:\/\/www.e-galex.lt\/ru\/wp-json\/wp\/v2\/pages"}],"about":[{"href":"https:\/\/www.e-galex.lt\/ru\/wp-json\/wp\/v2\/types\/page"}],"author":[{"embeddable":true,"href":"https:\/\/www.e-galex.lt\/ru\/wp-json\/wp\/v2\/users\/1"}],"replies":[{"embeddable":true,"href":"https:\/\/www.e-galex.lt\/ru\/wp-json\/wp\/v2\/comments?post=3255"}],"version-history":[{"count":91,"href":"https:\/\/www.e-galex.lt\/ru\/wp-json\/wp\/v2\/pages\/3255\/revisions"}],"predecessor-version":[{"id":28661,"href":"https:\/\/www.e-galex.lt\/ru\/wp-json\/wp\/v2\/pages\/3255\/revisions\/28661"}],"wp:attachment":[{"href":"https:\/\/www.e-galex.lt\/ru\/wp-json\/wp\/v2\/media?parent=3255"}],"curies":[{"name":"wp","href":"https:\/\/api.w.org\/{rel}","templated":true}]}}