{"id":1794,"date":"2017-11-13T14:47:55","date_gmt":"2017-11-13T14:47:55","guid":{"rendered":"http:\/\/diviecommerce.aspengrovestudios.space\/?page_id=1794"},"modified":"2021-05-07T09:59:26","modified_gmt":"2021-05-07T07:59:26","slug":"kontaktai","status":"publish","type":"page","link":"https:\/\/www.e-galex.lt\/ru\/kontaktai","title":{"rendered":"\u041a\u043e\u043d\u0442\u0430\u043a\u0442\u044b"},"content":{"rendered":"<p>[et_pb_section fb_built=&#187;1&#8243; fullwidth=&#187;on&#187; disabled_on=&#187;on|on|on&#187; _builder_version=&#187;4.7.7&#8243; disabled=&#187;on&#187; locked=&#187;off&#187;][et_pb_fullwidth_map address=&#187;Waszyngton, Dystrykt Kolumbii, Stany Zjednoczone&#187; address_lat=&#187;38.9071923&#8243; address_lng=&#187;-77.03687070000001&#8243; use_grayscale_filter=&#187;on&#187; grayscale_filter_amount=&#187;100&#8243; _builder_version=&#187;3.0.91&#8243; child_filter_saturate=&#187;0%&#187;][et_pb_map_pin title=&#187;Our Store Location&#187; pin_address=&#187;Waszyngton, Dystrykt Kolumbii, Stany Zjednoczone&#187; pin_address_lat=&#187;38.9071923&#8243; pin_address_lng=&#187;-77.03687070000001&#8243; _builder_version=&#187;3.0.89&#8243;]<strong>Visit Our Store:<\/strong><br \/>\n115 Main Street,<br \/>\nSomewhere, USA<br \/>\n[\/et_pb_map_pin][\/et_pb_fullwidth_map][\/et_pb_section][et_pb_section fb_built=&#187;1&#8243; custom_padding_last_edited=&#187;off|desktop&#187; _builder_version=&#187;4.7.7&#8243; _module_preset=&#187;default&#187; background_image=&#187;https:\/\/www.e-galex.lt\/wp-content\/uploads\/2021\/04\/1316377.png&#187; custom_padding=&#187;100px||150px||false|false&#187; custom_padding_tablet=&#187;70px||70px||false|false&#187; custom_padding_phone=&#187;55px||55px||false|false&#187;][et_pb_row _builder_version=&#187;4.7.7&#8243; _module_preset=&#187;default&#187; module_alignment=&#187;center&#187;][et_pb_column type=&#187;4_4&#8243; _builder_version=&#187;4.7.7&#8243; _module_preset=&#187;default&#187;][et_pb_text admin_label=&#187;Kontaktai&#187; _builder_version=&#187;4.7.7&#8243; _module_preset=&#187;default&#187; text_font=&#187;|300|||||||&#187; text_text_color=&#187;#ffffff&#187; text_font_size=&#187;20px&#187; header_font=&#187;|700||on|||||&#187; header_text_color=&#187;#ffffff&#187; header_font_size=&#187;60px&#187; text_orientation=&#187;center&#187; module_alignment=&#187;center&#187; text_font_size_tablet=&#187;19px&#187; text_font_size_phone=&#187;17px&#187; text_font_size_last_edited=&#187;off|desktop&#187; header_font_size_tablet=&#187;50px&#187; header_font_size_phone=&#187;35px&#187; header_font_size_last_edited=&#187;on|desktop&#187;]<\/p>\n<h1><a href=\"https:\/\/www.e-galex.lt\/ru\/contact\" aria-current=\"page\">\u041a\u043e\u043d\u0442\u0430\u043a\u0442\u044b<\/a><\/h1>\n<p>\u0421\u0432\u044f\u0436\u0438\u0442\u0435\u0441\u044c \u0441 \u043d\u0430\u043c\u0438<\/p>\n<p>[\/et_pb_text][\/et_pb_column][\/et_pb_row][\/et_pb_section][et_pb_section fb_built=&#187;1&#8243; custom_padding_last_edited=&#187;on|desktop&#187; _builder_version=&#187;3.22&#8243; custom_padding=&#187;0px||30px|&#187; custom_padding_tablet=&#187;50px||30px|&#187; custom_padding_phone=&#187;&#187;][et_pb_row column_structure=&#187;1_3,1_3,1_3&#8243; use_custom_gutter=&#187;on&#187; gutter_width=&#187;1&#8243; make_equal=&#187;on&#187; custom_padding_last_edited=&#187;on|phone&#187; module_class=&#187;contact-blurbs-row&#187; _builder_version=&#187;3.25&#8243; custom_padding=&#187;0px|||&#187; custom_padding_tablet=&#187;30px|||&#187; custom_padding_phone=&#187;&#187;][et_pb_column type=&#187;1_3&#8243; _builder_version=&#187;3.25&#8243; custom_padding=&#187;|||&#187; custom_padding__hover=&#187;|||&#187;][et_pb_blurb title=&#187;E-GALEX.lt&#187; use_icon=&#187;on&#187; font_icon=&#187;%%102%%&#187; icon_placement=&#187;left&#187; admin_label=&#187;Contact Blurb &#8212; Location&#187; module_class=&#187;contact-blurb&#187; _builder_version=&#187;4.7.7&#8243; hover_enabled=&#187;0&#8243; sticky_enabled=&#187;0&#8243;]<\/p>\n<p>Ala Dilien\u0117<br \/><strong>Banko s\u0105skaita:<\/strong> LT107300010072278456<br \/><strong>Bankas:<\/strong> Swedbank<br \/><strong>Miestas:<\/strong> Panev\u0117\u017eys<\/p>\n<p>[\/et_pb_blurb][\/et_pb_column][et_pb_column type=&#187;1_3&#8243; _builder_version=&#187;3.25&#8243; custom_padding=&#187;|||&#187; custom_padding__hover=&#187;|||&#187;][et_pb_blurb title=&#187;\u0421\u0432\u044f\u0436\u0438\u0442\u0435\u0441\u044c \u0441 \u043d\u0430\u043c\u0438&#187; use_icon=&#187;on&#187; font_icon=&#187;%%109%%&#187; icon_placement=&#187;left&#187; admin_label=&#187;Contact Blurb &#8212; Mail \/ Phone&#187; module_class=&#187;contact-blurb&#187; _builder_version=&#187;4.7.7&#8243;]<\/p>\n<p><strong>\u0422\u0435\u043b.: <\/strong><a href=\"tel:+370 (614) 07669\">+370 (614) 07669<\/a><br \/><strong>\u042d\u043b. \u043f\u043e\u0447\u0442\u0430:<\/strong> <a href=\"mailto:info@e-galex.lt\">info@e-galex.lt<\/a><\/p>\n<p>[\/et_pb_blurb][\/et_pb_column][et_pb_column type=&#187;1_3&#8243; _builder_version=&#187;3.25&#8243; custom_padding=&#187;|||&#187; custom_padding__hover=&#187;|||&#187;][et_pb_blurb title=&#187;Darbo laikas&#187; use_icon=&#187;on&#187; font_icon=&#187;%%92%%&#187; icon_placement=&#187;left&#187; admin_label=&#187;Contact Blurb &#8212; Working Hours&#187; module_class=&#187;contact-blurb&#187; _builder_version=&#187;4.7.7&#8243;]<\/p>\n<p><strong>Pirm &#8212; penkt:<\/strong> 8:00 \u2013 17:00<br \/><strong>\u0160e\u0161t:<\/strong> 10:00 &#8212; 15:00<br \/><strong>Sekm:<\/strong> nedirbame<\/p>\n<p>[\/et_pb_blurb][\/et_pb_column][\/et_pb_row][et_pb_row _builder_version=&#187;3.25&#8243; custom_padding=&#187;||10px|&#187;][et_pb_column type=&#187;4_4&#8243; _builder_version=&#187;3.25&#8243; custom_padding=&#187;|||&#187; custom_padding__hover=&#187;|||&#187;][et_pb_text admin_label=&#187;Default Header&#187; module_class=&#187;default-header&#187; _builder_version=&#187;4.7.7&#8243; module_alignment=&#187;right&#187;]<\/p>\n<h1>SUSISIEKITE DABAR<\/h1>\n<p>Turite klausim\u0173? Susisiekite su mumis dabar ir mes atsakysime \u012f visus j\u016bs\u0173 klausimus.<\/p>\n<p>[\/et_pb_text][\/et_pb_column][\/et_pb_row][et_pb_row column_structure=&#187;1_2,1_2&#8243; _builder_version=&#187;3.25&#8243;][et_pb_column type=&#187;1_2&#8243; _builder_version=&#187;3.25&#8243; custom_padding=&#187;|||&#187; custom_padding__hover=&#187;|||&#187;][et_pb_contact_form email=&#187;info@e-galex.lt&#187; success_message=&#187;D\u0117kojame. Netrukus mes susisieksime su Jumis.&#187; submit_button_text=&#187;Si\u0173sti u\u017eklaus\u0105&#187; admin_label=&#187;Contact Form &#8212; class .de-contact-form&#187; module_class=&#187;de-contact-form&#187; _builder_version=&#187;4.7.7&#8243;][et_pb_contact_field field_id=&#187;Name&#187; field_title=&#187;Vardas&#187; fullwidth_field=&#187;on&#187; _builder_version=&#187;4.7.7&#8243; button_text_size__hover_enabled=&#187;off&#187; button_one_text_size__hover_enabled=&#187;off&#187; button_two_text_size__hover_enabled=&#187;off&#187; button_text_color__hover_enabled=&#187;off&#187; button_one_text_color__hover_enabled=&#187;off&#187; button_two_text_color__hover_enabled=&#187;off&#187; button_border_width__hover_enabled=&#187;off&#187; button_one_border_width__hover_enabled=&#187;off&#187; button_two_border_width__hover_enabled=&#187;off&#187; button_border_color__hover_enabled=&#187;off&#187; button_one_border_color__hover_enabled=&#187;off&#187; button_two_border_color__hover_enabled=&#187;off&#187; button_border_radius__hover_enabled=&#187;off&#187; button_one_border_radius__hover_enabled=&#187;off&#187; button_two_border_radius__hover_enabled=&#187;off&#187; button_letter_spacing__hover_enabled=&#187;off&#187; button_one_letter_spacing__hover_enabled=&#187;off&#187; button_two_letter_spacing__hover_enabled=&#187;off&#187; button_bg_color__hover_enabled=&#187;off&#187; button_one_bg_color__hover_enabled=&#187;off&#187; button_two_bg_color__hover_enabled=&#187;off&#187;][\/et_pb_contact_field][et_pb_contact_field field_id=&#187;Email&#187; field_title=&#187;El. pa\u0161tas&#187; field_type=&#187;email&#187; fullwidth_field=&#187;on&#187; _builder_version=&#187;4.7.7&#8243; button_text_size__hover_enabled=&#187;off&#187; button_one_text_size__hover_enabled=&#187;off&#187; button_two_text_size__hover_enabled=&#187;off&#187; button_text_color__hover_enabled=&#187;off&#187; button_one_text_color__hover_enabled=&#187;off&#187; button_two_text_color__hover_enabled=&#187;off&#187; button_border_width__hover_enabled=&#187;off&#187; button_one_border_width__hover_enabled=&#187;off&#187; button_two_border_width__hover_enabled=&#187;off&#187; button_border_color__hover_enabled=&#187;off&#187; button_one_border_color__hover_enabled=&#187;off&#187; button_two_border_color__hover_enabled=&#187;off&#187; button_border_radius__hover_enabled=&#187;off&#187; button_one_border_radius__hover_enabled=&#187;off&#187; button_two_border_radius__hover_enabled=&#187;off&#187; button_letter_spacing__hover_enabled=&#187;off&#187; button_one_letter_spacing__hover_enabled=&#187;off&#187; button_two_letter_spacing__hover_enabled=&#187;off&#187; button_bg_color__hover_enabled=&#187;off&#187; button_one_bg_color__hover_enabled=&#187;off&#187; button_two_bg_color__hover_enabled=&#187;off&#187;][\/et_pb_contact_field][et_pb_contact_field field_id=&#187;Subject&#187; field_title=&#187;Tema&#187; required_mark=&#187;off&#187; fullwidth_field=&#187;on&#187; _builder_version=&#187;4.7.7&#8243; button_text_size__hover_enabled=&#187;off&#187; button_one_text_size__hover_enabled=&#187;off&#187; button_two_text_size__hover_enabled=&#187;off&#187; button_text_color__hover_enabled=&#187;off&#187; button_one_text_color__hover_enabled=&#187;off&#187; button_two_text_color__hover_enabled=&#187;off&#187; button_border_width__hover_enabled=&#187;off&#187; button_one_border_width__hover_enabled=&#187;off&#187; button_two_border_width__hover_enabled=&#187;off&#187; button_border_color__hover_enabled=&#187;off&#187; button_one_border_color__hover_enabled=&#187;off&#187; button_two_border_color__hover_enabled=&#187;off&#187; button_border_radius__hover_enabled=&#187;off&#187; button_one_border_radius__hover_enabled=&#187;off&#187; button_two_border_radius__hover_enabled=&#187;off&#187; button_letter_spacing__hover_enabled=&#187;off&#187; button_one_letter_spacing__hover_enabled=&#187;off&#187; button_two_letter_spacing__hover_enabled=&#187;off&#187; button_bg_color__hover_enabled=&#187;off&#187; button_one_bg_color__hover_enabled=&#187;off&#187; button_two_bg_color__hover_enabled=&#187;off&#187;][\/et_pb_contact_field][et_pb_contact_field field_id=&#187;Message&#187; field_title=&#187;Klausimas&#187; field_type=&#187;text&#187; fullwidth_field=&#187;on&#187; _builder_version=&#187;4.7.7&#8243; button_text_size__hover_enabled=&#187;off&#187; button_one_text_size__hover_enabled=&#187;off&#187; button_two_text_size__hover_enabled=&#187;off&#187; button_text_color__hover_enabled=&#187;off&#187; button_one_text_color__hover_enabled=&#187;off&#187; button_two_text_color__hover_enabled=&#187;off&#187; button_border_width__hover_enabled=&#187;off&#187; button_one_border_width__hover_enabled=&#187;off&#187; button_two_border_width__hover_enabled=&#187;off&#187; button_border_color__hover_enabled=&#187;off&#187; button_one_border_color__hover_enabled=&#187;off&#187; button_two_border_color__hover_enabled=&#187;off&#187; button_border_radius__hover_enabled=&#187;off&#187; button_one_border_radius__hover_enabled=&#187;off&#187; button_two_border_radius__hover_enabled=&#187;off&#187; button_letter_spacing__hover_enabled=&#187;off&#187; button_one_letter_spacing__hover_enabled=&#187;off&#187; button_two_letter_spacing__hover_enabled=&#187;off&#187; button_bg_color__hover_enabled=&#187;off&#187; button_one_bg_color__hover_enabled=&#187;off&#187; button_two_bg_color__hover_enabled=&#187;off&#187;][\/et_pb_contact_field][\/et_pb_contact_form][\/et_pb_column][et_pb_column type=&#187;1_2&#8243; _builder_version=&#187;3.25&#8243; custom_padding=&#187;|||&#187; custom_padding__hover=&#187;|||&#187;][et_pb_image src=&#187;https:\/\/www.e-galex.lt\/wp-content\/uploads\/2021\/04\/1316823.jpg&#187; title_text=&#187;1316823&#8243; align_tablet=&#187;center&#187; align_phone=&#187;&#187; align_last_edited=&#187;on|desktop&#187; _builder_version=&#187;4.7.7&#8243; always_center_on_mobile=&#187;on&#187;][\/et_pb_image][\/et_pb_column][\/et_pb_row][\/et_pb_section]<\/p>","protected":false},"excerpt":{"rendered":"<p>[et_pb_section fb_built=&#187;1&#8243; fullwidth=&#187;on&#187; disabled_on=&#187;on|on|on&#187; _builder_version=&#187;4.7.7&#8243; disabled=&#187;on&#187; locked=&#187;off&#187;][et_pb_fullwidth_map address=&#187;Waszyngton, Dystrykt Kolumbii, Stany Zjednoczone&#187; address_lat=&#187;38.9071923&#8243; address_lng=&#187;-77.03687070000001&#8243; use_grayscale_filter=&#187;on&#187; grayscale_filter_amount=&#187;100&#8243; _builder_version=&#187;3.0.91&#8243; child_filter_saturate=&#187;0%&#187;][et_pb_map_pin title=&#187;Our Store Location&#187; pin_address=&#187;Waszyngton, Dystrykt Kolumbii, Stany Zjednoczone&#187; pin_address_lat=&#187;38.9071923&#8243; pin_address_lng=&#187;-77.03687070000001&#8243; _builder_version=&#187;3.0.89&#8243;]Visit Our Store: 115 Main Street, Somewhere, USA [\/et_pb_map_pin][\/et_pb_fullwidth_map][\/et_pb_section][et_pb_section fb_built=&#187;1&#8243; custom_padding_last_edited=&#187;off|desktop&#187; _builder_version=&#187;4.7.7&#8243; _module_preset=&#187;default&#187; background_image=&#187;https:\/\/www.e-galex.lt\/wp-content\/uploads\/2021\/04\/1316377.png&#187; custom_padding=&#187;100px||150px||false|false&#187; custom_padding_tablet=&#187;70px||70px||false|false&#187; custom_padding_phone=&#187;55px||55px||false|false&#187;][et_pb_row _builder_version=&#187;4.7.7&#8243; _module_preset=&#187;default&#187; module_alignment=&#187;center&#187;][et_pb_column type=&#187;4_4&#8243; _builder_version=&#187;4.7.7&#8243; _module_preset=&#187;default&#187;][et_pb_text admin_label=&#187;Kontaktai&#187; _builder_version=&#187;4.7.7&#8243; _module_preset=&#187;default&#187; text_font=&#187;|300|||||||&#187; [&hellip;]<\/p>\n","protected":false},"author":1,"featured_media":0,"parent":0,"menu_order":0,"comment_status":"closed","ping_status":"closed","template":"","meta":{"_et_pb_use_builder":"on","_et_pb_old_content":"","_et_gb_content_width":"","footnotes":""},"class_list":["post-1794","page","type-page","status-publish","hentry"],"jetpack_sharing_enabled":true,"_links":{"self":[{"href":"https:\/\/www.e-galex.lt\/ru\/wp-json\/wp\/v2\/pages\/1794","targetHints":{"allow":["GET"]}}],"collection":[{"href":"https:\/\/www.e-galex.lt\/ru\/wp-json\/wp\/v2\/pages"}],"about":[{"href":"https:\/\/www.e-galex.lt\/ru\/wp-json\/wp\/v2\/types\/page"}],"author":[{"embeddable":true,"href":"https:\/\/www.e-galex.lt\/ru\/wp-json\/wp\/v2\/users\/1"}],"replies":[{"embeddable":true,"href":"https:\/\/www.e-galex.lt\/ru\/wp-json\/wp\/v2\/comments?post=1794"}],"version-history":[{"count":40,"href":"https:\/\/www.e-galex.lt\/ru\/wp-json\/wp\/v2\/pages\/1794\/revisions"}],"predecessor-version":[{"id":28467,"href":"https:\/\/www.e-galex.lt\/ru\/wp-json\/wp\/v2\/pages\/1794\/revisions\/28467"}],"wp:attachment":[{"href":"https:\/\/www.e-galex.lt\/ru\/wp-json\/wp\/v2\/media?parent=1794"}],"curies":[{"name":"wp","href":"https:\/\/api.w.org\/{rel}","templated":true}]}}