{"id":12171,"date":"2021-02-23T21:57:27","date_gmt":"2021-02-23T19:57:27","guid":{"rendered":"http:\/\/www.e-galex.lt\/?page_id=12171"},"modified":"2021-02-23T21:57:31","modified_gmt":"2021-02-23T19:57:31","slug":"pristatymas-ir-grazinimas","status":"publish","type":"page","link":"https:\/\/www.e-galex.lt\/ru\/pristatymas-ir-grazinimas","title":{"rendered":"Pristatymas ir gr\u0105\u017einimas"},"content":{"rendered":"<p>[et_pb_section fb_built=&#187;1&#8243; _builder_version=&#187;4.7.7&#8243; _module_preset=&#187;default&#187; module_class=&#187;de-page-header&#187; hover_enabled=&#187;0&#8243; sticky_enabled=&#187;0&#8243;][et_pb_row _builder_version=&#187;4.7.7&#8243; _module_preset=&#187;default&#187;][et_pb_column _builder_version=&#187;4.7.7&#8243; _module_preset=&#187;default&#187; type=&#187;4_4&#8243;][et_pb_text _builder_version=&#187;4.7.7&#8243; _module_preset=&#187;default&#187; hover_enabled=&#187;0&#8243; sticky_enabled=&#187;0&#8243;]<\/p>\n<h1>Pristatymas ir gr\u0105\u017einimas<\/h1>\n<p>[\/et_pb_text][et_pb_code _builder_version=&#187;4.7.7&#8243; _module_preset=&#187;default&#187; hover_enabled=&#187;0&#8243; sticky_enabled=&#187;0&#8243;][woo-breadcrumbs][\/et_pb_code][\/et_pb_column][\/et_pb_row][\/et_pb_section][et_pb_section fb_built=&#187;1&#8243; _builder_version=&#187;4.7.7&#8243; _module_preset=&#187;default&#187;][et_pb_row _builder_version=&#187;4.7.7&#8243; _module_preset=&#187;default&#187;][et_pb_column _builder_version=&#187;4.7.7&#8243; _module_preset=&#187;default&#187; type=&#187;4_4&#8243;][et_pb_text _builder_version=&#187;4.7.7&#8243; _module_preset=&#187;default&#187; hover_enabled=&#187;0&#8243; sticky_enabled=&#187;0&#8243;]<\/p>\n<div dir=\"ltr\">\n<p><strong>Pristatymas<\/strong><\/p>\n<p>\u00a0 Lietuvos teritorijoje prek\u0117s pristatomos per 2-5 dienas.<br \/>Prek\u0117ms galima pasirinkti siuntimo b\u016bd\u0105 ir kain\u0105:<br \/>\u00a0\u00a0 \u2022 Lietuvos pa\u0161tas (siuntiniams iki 2 kg.) Siuntimo kaina \u2013 2,6 EUR.<br \/>\u00a0\u00a0 \u2022 Omniva pa\u0161tomatu. Kaina 3 EUR. U\u017esakymo pristatymas per 1-2d.d. (nuo u\u017esakymo \u012fd\u0117jimo \u012f pa\u0161tomat\u0105 dienos).<br \/>\u00a0\u00a0 \u2022 Lp express pa\u0161tomatu.Kaina 3 EUR. U\u017esakymo pristatymas per 1-2d.d. (nuo u\u017esakymo \u012fd\u0117jimo \u012f pa\u0161tomat\u0105 dienos).<br \/>\u00a0\u00a0 \u2022 Autobus\u0173 siuntos.Kaina 3.50 EUR.U\u017esakymo pristatymas per 1-2d.d.(atsi\u0117mimas J\u016bs\u0173 miesto AS siunt\u0173 skyriuje)<\/p>\n<div>\n<p><em>P.S. U\u017esakymo paruo\u0161imas u\u017etrunka 1-2 dienas. Apie paruo\u0161t\u0105 ir i\u0161si\u0173st\u0105 siunt\u0105 Jums prane\u0161ime el. pa\u0161tu.<\/em><\/p>\n<p>\u00a0 Pardav\u0117jas atleid\u017eiamas nuo atsakomyb\u0117s u\u017e preki\u0173 pristatymo termin\u0173 pa\u017eeidim\u0105, jeigu prek\u0117s Pirk\u0117jui n\u0117ra pristatomos arba pristatomos<br \/>ne laiku d\u0117l Pirk\u0117jo kalt\u0117s arba d\u0117l nuo Pirk\u0117jo priklausan\u010di\u0173 aplinkybi\u0173.<br \/>\u00a0 Pardav\u0117jas pasilieka teis\u0119 keisti preki\u0173 pristatymo mokest\u012f.<\/p>\n<p>&nbsp;<\/p>\n<\/div>\n<\/div>\n<div id=\"x_DAB4FAD8-2DD7-40BB-A1B8-4E2AA1F9FDF2\"><strong>Gr\u0105\u017einimas<\/strong><\/div>\n<div>\u00a0<\/div>\n<div>\u00a0 Jeigu u\u017esakyta prek\u0117 j\u016bs\u0173 netenkina, turite teis\u0119 j\u0105 gr\u0105\u017einti per 14 dien\u0173 nuo jos gavimo remiantis Civilinio kodekso 6.362 straipsnyje nustatytais atvejais ir s\u0105lygomis.<\/div>\n<div>Prie\u0161 gr\u0105\u017eindami prek\u0119 susisiekite su mumis ir \u012fsitikinkite, kad prek\u0117:<\/div>\n<div>\u00a0\u00a0 \u2022yra nenaudota ir nesugadinta;<\/div>\n<div>\u00a0\u00a0 \u2022yra supakuota originalioje ir tvarkingoje pakuot\u0117je;<\/div>\n<div>\u00a0\u00a0 \u2022yra pilnos komplektacijos su visa gamintojo pridedama dokumentacija;<\/div>\n<div>\u00a0\u00a0 \u2022yra nepraradusi prekin\u0117s i\u0161vaizdos ir su visomis gaminiui skirtomis etiket\u0117mis;<\/div>\n<div>\u00a0<\/div>\n<div>Gr\u0105\u017einant kokybi\u0161kas prekes, su j\u0173 gr\u0105\u017einimu susijusios transportavimo bei kitos i\u0161laidos tenka pirk\u0117jui.<\/div>\n<p>[\/et_pb_text][\/et_pb_column][\/et_pb_row][\/et_pb_section]<\/p>\n","protected":false},"excerpt":{"rendered":"<p>[et_pb_section fb_built=&#187;1&#8243; _builder_version=&#187;4.7.7&#8243; _module_preset=&#187;default&#187; module_class=&#187;de-page-header&#187; hover_enabled=&#187;0&#8243; sticky_enabled=&#187;0&#8243;][et_pb_row _builder_version=&#187;4.7.7&#8243; _module_preset=&#187;default&#187;][et_pb_column _builder_version=&#187;4.7.7&#8243; _module_preset=&#187;default&#187; type=&#187;4_4&#8243;][et_pb_text _builder_version=&#187;4.7.7&#8243; _module_preset=&#187;default&#187; hover_enabled=&#187;0&#8243; sticky_enabled=&#187;0&#8243;] Pristatymas ir gr\u0105\u017einimas [\/et_pb_text][et_pb_code _builder_version=&#187;4.7.7&#8243; _module_preset=&#187;default&#187; hover_enabled=&#187;0&#8243; sticky_enabled=&#187;0&#8243;][woo-breadcrumbs][\/et_pb_code][\/et_pb_column][\/et_pb_row][\/et_pb_section][et_pb_section fb_built=&#187;1&#8243; _builder_version=&#187;4.7.7&#8243; _module_preset=&#187;default&#187;][et_pb_row _builder_version=&#187;4.7.7&#8243; _module_preset=&#187;default&#187;][et_pb_column _builder_version=&#187;4.7.7&#8243; _module_preset=&#187;default&#187; type=&#187;4_4&#8243;][et_pb_text _builder_version=&#187;4.7.7&#8243; _module_preset=&#187;default&#187; hover_enabled=&#187;0&#8243; sticky_enabled=&#187;0&#8243;] Pristatymas \u00a0 Lietuvos teritorijoje prek\u0117s pristatomos per 2-5 dienas.Prek\u0117ms galima pasirinkti siuntimo b\u016bd\u0105 ir kain\u0105:\u00a0\u00a0 \u2022 Lietuvos pa\u0161tas (siuntiniams [&hellip;]<\/p>\n","protected":false},"author":1,"featured_media":0,"parent":0,"menu_order":0,"comment_status":"closed","ping_status":"closed","template":"","meta":{"_et_pb_use_builder":"on","_et_pb_old_content":"","_et_gb_content_width":"","footnotes":""},"class_list":["post-12171","page","type-page","status-publish","hentry"],"jetpack_sharing_enabled":true,"_links":{"self":[{"href":"https:\/\/www.e-galex.lt\/ru\/wp-json\/wp\/v2\/pages\/12171","targetHints":{"allow":["GET"]}}],"collection":[{"href":"https:\/\/www.e-galex.lt\/ru\/wp-json\/wp\/v2\/pages"}],"about":[{"href":"https:\/\/www.e-galex.lt\/ru\/wp-json\/wp\/v2\/types\/page"}],"author":[{"embeddable":true,"href":"https:\/\/www.e-galex.lt\/ru\/wp-json\/wp\/v2\/users\/1"}],"replies":[{"embeddable":true,"href":"https:\/\/www.e-galex.lt\/ru\/wp-json\/wp\/v2\/comments?post=12171"}],"version-history":[{"count":4,"href":"https:\/\/www.e-galex.lt\/ru\/wp-json\/wp\/v2\/pages\/12171\/revisions"}],"predecessor-version":[{"id":12177,"href":"https:\/\/www.e-galex.lt\/ru\/wp-json\/wp\/v2\/pages\/12171\/revisions\/12177"}],"wp:attachment":[{"href":"https:\/\/www.e-galex.lt\/ru\/wp-json\/wp\/v2\/media?parent=12171"}],"curies":[{"name":"wp","href":"https:\/\/api.w.org\/{rel}","templated":true}]}}