{"id":12163,"date":"2021-02-23T21:51:06","date_gmt":"2021-02-23T19:51:06","guid":{"rendered":"http:\/\/www.e-galex.lt\/?page_id=12163"},"modified":"2021-02-23T21:53:59","modified_gmt":"2021-02-23T19:53:59","slug":"atsiskaitymo-budai","status":"publish","type":"page","link":"https:\/\/www.e-galex.lt\/ru\/atsiskaitymo-budai","title":{"rendered":"Atsiskaitymo b\u016bdai"},"content":{"rendered":"<p>[et_pb_section fb_built=&#187;1&#8243; _builder_version=&#187;4.7.7&#8243; _module_preset=&#187;default&#187; hover_enabled=&#187;0&#8243; module_class=&#187;de-page-header&#187; sticky_enabled=&#187;0&#8243;][et_pb_row _builder_version=&#187;4.7.7&#8243; _module_preset=&#187;default&#187;][et_pb_column type=&#187;4_4&#8243; _builder_version=&#187;4.7.7&#8243; _module_preset=&#187;default&#187;][et_pb_text _builder_version=&#187;4.7.7&#8243; _module_preset=&#187;default&#187;]<\/p>\n<h1>Atsiskaitymo b\u016bdai<\/h1>\n<p>[\/et_pb_text][et_pb_code _builder_version=&#187;4.7.7&#8243; _module_preset=&#187;default&#187;][woo-breadcrumbs][\/et_pb_code][\/et_pb_column][\/et_pb_row][\/et_pb_section][et_pb_section fb_built=&#187;1&#8243; _builder_version=&#187;4.7.7&#8243; _module_preset=&#187;default&#187;][et_pb_row _builder_version=&#187;4.7.7&#8243; _module_preset=&#187;default&#187;][et_pb_column type=&#187;4_4&#8243; _builder_version=&#187;4.7.7&#8243; _module_preset=&#187;default&#187;][et_pb_text _builder_version=&#187;4.7.7&#8243; _module_preset=&#187;default&#187;]<\/p>\n<p><strong>Atsiskaitymas<\/strong><\/p>\n<p>Atsiskaityti u\u017e prekes galite:<br \/>\u00a0\u00a0 \u2022Elektronin\u0117 bankininkyst\u0117: Swedbank, SEB, Danske Bank, \u0160iauli\u0173 bankas, Medicinos bankas, Citadele, Luminor<br \/>\u00a0\u00a0 \u2022Mok\u0117jimas banko pavedimu:<br \/>\u00a0\u00a0\u00a0\u00a0\u00a0\u00a0\u00a0 Gav\u0117jas: Ala Dilien\u0117<br \/>\u00a0\u00a0\u00a0\u00a0\u00a0\u00a0\u00a0 A\/S: LT10 7300 0100 7227 8456<br \/>\u00a0\u00a0\u00a0\u00a0\u00a0 \u00a0 Bankas: AB Swedbank<br \/>\u00a0\u00a0\u00a0\u00a0\u00a0\u00a0\u00a0 Banko kodas: 73000<\/p>\n<p><strong>Svarbu: <\/strong>mok\u0117jimo paskirties skiltyje b\u016btinai nurodykite savo u\u017esakymo numer\u012f.<\/p>\n<p>[\/et_pb_text][\/et_pb_column][\/et_pb_row][\/et_pb_section]<\/p>\n","protected":false},"excerpt":{"rendered":"<p>[et_pb_section fb_built=&#187;1&#8243; _builder_version=&#187;4.7.7&#8243; _module_preset=&#187;default&#187; hover_enabled=&#187;0&#8243; module_class=&#187;de-page-header&#187; sticky_enabled=&#187;0&#8243;][et_pb_row _builder_version=&#187;4.7.7&#8243; _module_preset=&#187;default&#187;][et_pb_column type=&#187;4_4&#8243; _builder_version=&#187;4.7.7&#8243; _module_preset=&#187;default&#187;][et_pb_text _builder_version=&#187;4.7.7&#8243; _module_preset=&#187;default&#187;] Atsiskaitymo b\u016bdai [\/et_pb_text][et_pb_code _builder_version=&#187;4.7.7&#8243; _module_preset=&#187;default&#187;][woo-breadcrumbs][\/et_pb_code][\/et_pb_column][\/et_pb_row][\/et_pb_section][et_pb_section fb_built=&#187;1&#8243; _builder_version=&#187;4.7.7&#8243; _module_preset=&#187;default&#187;][et_pb_row _builder_version=&#187;4.7.7&#8243; _module_preset=&#187;default&#187;][et_pb_column type=&#187;4_4&#8243; _builder_version=&#187;4.7.7&#8243; _module_preset=&#187;default&#187;][et_pb_text _builder_version=&#187;4.7.7&#8243; _module_preset=&#187;default&#187;] Atsiskaitymas Atsiskaityti u\u017e prekes galite:\u00a0\u00a0 \u2022Elektronin\u0117 bankininkyst\u0117: Swedbank, SEB, Danske Bank, \u0160iauli\u0173 bankas, Medicinos bankas, Citadele, Luminor\u00a0\u00a0 \u2022Mok\u0117jimas banko pavedimu:\u00a0\u00a0\u00a0\u00a0\u00a0\u00a0\u00a0 Gav\u0117jas: Ala Dilien\u0117\u00a0\u00a0\u00a0\u00a0\u00a0\u00a0\u00a0 A\/S: LT10 7300 [&hellip;]<\/p>\n","protected":false},"author":1,"featured_media":0,"parent":0,"menu_order":0,"comment_status":"closed","ping_status":"closed","template":"","meta":{"_et_pb_use_builder":"on","_et_pb_old_content":"","_et_gb_content_width":"","footnotes":""},"class_list":["post-12163","page","type-page","status-publish","hentry"],"jetpack_sharing_enabled":true,"_links":{"self":[{"href":"https:\/\/www.e-galex.lt\/ru\/wp-json\/wp\/v2\/pages\/12163","targetHints":{"allow":["GET"]}}],"collection":[{"href":"https:\/\/www.e-galex.lt\/ru\/wp-json\/wp\/v2\/pages"}],"about":[{"href":"https:\/\/www.e-galex.lt\/ru\/wp-json\/wp\/v2\/types\/page"}],"author":[{"embeddable":true,"href":"https:\/\/www.e-galex.lt\/ru\/wp-json\/wp\/v2\/users\/1"}],"replies":[{"embeddable":true,"href":"https:\/\/www.e-galex.lt\/ru\/wp-json\/wp\/v2\/comments?post=12163"}],"version-history":[{"count":5,"href":"https:\/\/www.e-galex.lt\/ru\/wp-json\/wp\/v2\/pages\/12163\/revisions"}],"predecessor-version":[{"id":12170,"href":"https:\/\/www.e-galex.lt\/ru\/wp-json\/wp\/v2\/pages\/12163\/revisions\/12170"}],"wp:attachment":[{"href":"https:\/\/www.e-galex.lt\/ru\/wp-json\/wp\/v2\/media?parent=12163"}],"curies":[{"name":"wp","href":"https:\/\/api.w.org\/{rel}","templated":true}]}}