{"id":12108,"date":"2021-02-23T20:01:03","date_gmt":"2021-02-23T18:01:03","guid":{"rendered":"http:\/\/www.e-galex.lt\/?page_id=12108"},"modified":"2021-02-23T20:01:06","modified_gmt":"2021-02-23T18:01:06","slug":"salygos-ir-taisykles","status":"publish","type":"page","link":"https:\/\/www.e-galex.lt\/ru\/salygos-ir-taisykles","title":{"rendered":"S\u0105lygos ir taisykl\u0117s"},"content":{"rendered":"<p>[et_pb_section fb_built=&#187;1&#8243; admin_label=&#187;section&#187; _builder_version=&#187;4.7.7&#8243; hover_enabled=&#187;0&#8243; module_class=&#187;de-page-header&#187; sticky_enabled=&#187;0&#8243;][et_pb_row admin_label=&#187;row&#187; _builder_version=&#187;4.7.7&#8243; background_size=&#187;initial&#187; background_position=&#187;top_left&#187; background_repeat=&#187;repeat&#187; hover_enabled=&#187;0&#8243; module_alignment=&#187;center&#187; sticky_enabled=&#187;0&#8243;][et_pb_column type=&#187;4_4&#8243; _builder_version=&#187;3.25&#8243; custom_padding=&#187;|||&#187; custom_padding__hover=&#187;|||&#187;][et_pb_text _builder_version=&#187;4.7.7&#8243; _module_preset=&#187;default&#187; hover_enabled=&#187;0&#8243; sticky_enabled=&#187;0&#8243; admin_label=&#187;S\u0105lygos ir taisykl\u0117s&#187;]<\/p>\n<h1>S\u0105lygos ir taisykl\u0117s<\/h1>\n<p>[\/et_pb_text][et_pb_code _builder_version=&#187;4.7.7&#8243; _module_preset=&#187;default&#187; admin_label=&#187;Breadcrumbs Shortcode&#187; hover_enabled=&#187;0&#8243; sticky_enabled=&#187;0&#8243;][woo-breadcrumbs][\/et_pb_code][\/et_pb_column][\/et_pb_row][\/et_pb_section][et_pb_section fb_built=&#187;1&#8243; _builder_version=&#187;4.7.7&#8243; _module_preset=&#187;default&#187; hover_enabled=&#187;0&#8243; sticky_enabled=&#187;0&#8243;][et_pb_row _builder_version=&#187;4.7.7&#8243; _module_preset=&#187;default&#187; module_alignment=&#187;center&#187; hover_enabled=&#187;0&#8243; sticky_enabled=&#187;0&#8243;][et_pb_column _builder_version=&#187;4.7.7&#8243; _module_preset=&#187;default&#187; type=&#187;4_4&#8243;][et_pb_text _builder_version=&#187;4.7.7&#8243; _module_preset=&#187;default&#187; hover_enabled=&#187;0&#8243; sticky_enabled=&#187;0&#8243; text_font_size_last_edited=&#187;off|desktop&#187;]<\/p>\n<p><strong>1. Bendrosios nuostatos.<\/strong><br \/>1.1. \u0160ios preki\u0173 pirkimo \u2013 pardavimo taisykl\u0117s (toliau \u2013 Taisykl\u0117s) yra \u0160alims privalomas teisinis dokumentas, kuris nustato Pirk\u0117jo ir Pardav\u0117jo teises, pareigas ir atsakomyb\u0119 Pirk\u0117jui \u012fsigyjant prekes el. parduotuv\u0117je.<br \/>1.2. Pardav\u0117jas pasilieka teis\u0119 bet kuriuo metu pakeisti, taisyti ar papildyti taisykles, atsi\u017evelgdamas \u012f teis\u0117s akt\u0173 nustatytus reikalavimus. Pirk\u0117jas informuojamas el. parduotuv\u0117s tinklalapyje. Pirk\u0117jui apsiperkant el. parduotuv\u0117je taikomos Taisykl\u0117s, galiojan\u010dios u\u017esakymo pateikimo metu.<br \/>1.3. Pirkti el. parduotuv\u0117je turi teis\u0119:<br \/>1.3.1. veiksn\u016bs fiziniai asmenys, t.y., asmenys sulauk\u0119 pilnametyst\u0117s, kuri\u0173 veiksnumas n\u0117ra apribotas teismo tvarka;<br \/>1.3.2. nepilname\u010diai nuo 14 iki 18 met\u0173 am\u017eiaus, tik tur\u0117dami t\u0117v\u0173 arba r\u016bpintoj\u0173 sutikim\u0105, i\u0161skyrus tuos atvejus, kai jie savaranki\u0161kai disponuoja savo pajamomis;<br \/>1.3.3. juridiniai asmenys;<br \/>1.3.4. vis\u0173 auk\u0161\u010diau nurodyt\u0173 asmen\u0173 \u012fgaliotieji atstovai.<br \/>1.4. Pardav\u0117jas, patvirtindamas taisykles, taip pat garantuoja, kad, remiantis taisykli\u0173 1.3. punktu, Pirk\u0117jas turi teis\u0119 pirkti prekes el. parduotuv\u0117je.<br \/>1.5. Sutartis tarp Pirk\u0117jo ir Pardav\u0117jo laikoma sudaryta nuo to momento, kai Pirk\u0117jas el. parduotuv\u0117je suformav\u0119s preki\u0173 krep\u0161el\u012f, nurod\u0119s pristatymo adres\u0105, pasirink\u0119s atsiskaitymo b\u016bd\u0105 ir susipa\u017ein\u0119s su Pardav\u0117jo taisykl\u0117mis, paspaud\u017eia mygtuk\u0105 \u201ePatvirtinti u\u017esakym\u0105\u201c.<br \/>1.6. Kiekviena sutartis, sudaryta tarp Pirk\u0117jo ir Pardav\u0117jo, yra saugoma el. parduotuv\u0117je.<\/p>\n<p><strong>2. Asmens duomen\u0173 apsauga.<\/strong><br \/>2.1. U\u017esisakyti prekes el. parduotuv\u0117je Pirk\u0117jas gali:<br \/>2.1.1. u\u017esiregistruodamas \u0161ioje el. parduotuv\u0117je \u2013 \u012fvesdamas registracijoje pra\u0161omus duomenis;<br \/>2.1.2. nesiregistruodamas \u0161ioje el. parduotuv\u0117je.<br \/>2.2. Pirk\u0117jas, u\u017esakydamas prekes 2.1. taisykli\u0173 punkte numatytais b\u016bdais, atitinkamuose Pardav\u0117jo pateikiamuose informacijos laukuose turi nurodyti preki\u0173 u\u017esakymo tinkamam \u012fvykdymui b\u016btinus Pirk\u0117jo asmens duomenis: vard\u0105, pavard\u0119, preki\u0173 pristatymo adres\u0105, telefono numer\u012f ir el. pa\u0161to adres\u0105.<br \/>2.3. Patvirtindamas \u0161ias taisykles Pirk\u0117jas sutinka, jog 2.2. punkte pateikti Pirk\u0117jo asmens duomenys b\u016bt\u0173 tvarkomi preki\u0173 ir paslaug\u0173 pardavimo el. parduotuv\u0117je, Pardav\u0117jo veiklos analiz\u0117s ir tiesiogin\u0117s rinkodaros tikslais.<br \/>2.4. Sutikdamas, kad Pirk\u0117jo asmens duomenys b\u016bt\u0173 tvarkomi preki\u0173 ir paslaug\u0173 pardavimo Pardav\u0117jo el. parduotuv\u0117je tikslu, Pirk\u0117jas taip pat sutinka, kad Pirk\u0117jo nurodytu el. pa\u0161to adresu ir telefono numeriu b\u016bt\u0173 siun\u010diami informaciniai prane\u0161imai, b\u016btini preki\u0173 u\u017esakymui \u012fvykdyti.<br \/>2.5. Pirk\u0117jas, u\u017esiregistruodamas el. parduotuv\u0117je bei u\u017esakydamas prekes, \u012fsipareigoja saugoti ir niekam neatskleisti prisijungimo duomen\u0173.<\/p>\n<p><strong>3. Pirk\u0117jo teis\u0117s ir \u012fsipareigojimai.<\/strong><br \/>3.1. Pirk\u0117jas turi teis\u0119 pirkti prekes el. parduotuv\u0117je \u0161i\u0173 Taisykli\u0173 ir kitose \u0161ios el. parduotuv\u0117s informacijos skiltyse nustatyta tvarka.<br \/>3.2. Pirk\u0117jas turi teis\u0119 atsisakyti preki\u0173 pirkimo \u2013 pardavimo sutarties su el. parduotuve, prane\u0161damas Pardav\u0117jui apie tai ra\u0161tu (el. pa\u0161tu, nurodant pageidaujam\u0105 gr\u0105\u017einti prek\u0119 ir jos u\u017esakymo numer\u012f) ne v\u0117liau kaip per 14 (keturiolika) darbo dien\u0173 nuo daikto pristatymo dienos.<br \/>3.3. Taisykli\u0173 3.2. punkte numatyta teise Pirk\u0117jas gali pasinaudoti tik tuo atveju, jeigu prek\u0117 nebuvo sugadinta arba i\u0161 esm\u0117s nepasikeit\u0117 jos i\u0161vaizda, taip pat ji nebuvo naudojama.<br \/>3.4. Pirk\u0117jas \u012fsipareigoja priimti u\u017esakytas prekes ir u\u017e jas sumok\u0117ti sutart\u0105 kain\u0105.<br \/>3.5. Jeigu pasikei\u010dia Pirk\u0117jo registracijos formoje pateikti duomenys, Pirk\u0117jas privalo nedelsdamas juos atnaujinti.<br \/>3.6. Pirk\u0117jas \u012fsipareigoja neperduoti tretiesiems asmenims savo prisijungimo duomen\u0173. Jei Pirk\u0117jas praranda prisijungimo duomenis, jis privalo nedelsiant informuoti apie tai Pardav\u0117j\u0105 skyriuje \u201eKontaktai\u201c nurodytomis susisiekimo priemon\u0117mis.<br \/>3.7. Pirk\u0117jas, naudodamasis el. parduotuve, sutinka su \u0161iomis pirkimo &#8212; pardavimo Taisykl\u0117mis ir \u012fsipareigoja j\u0173 laikytis bei nepa\u017eeisti LR teis\u0117s akt\u0173.<\/p>\n<p><strong>4. Pardav\u0117jo teis\u0117s ir \u012fsipareigojimai.<\/strong><br \/>4.1. Pardav\u0117jas \u012fsipareigoja sudaryti visas s\u0105lygas Pirk\u0117jui tinkamai naudotis el. parduotuv\u0117s teikiamomis paslaugomis.<br \/>4.2. Jei Pirk\u0117jas bando pakenkti Pardav\u0117jo el. parduotuv\u0117s darbo stabilumui ir saugumui ar pa\u017eeid\u017eia savo \u012fsipareigojimus, Pardav\u0117jas turi teis\u0119 nedelsiant ir be persp\u0117jimo apriboti ar sustabdyti Pirk\u0117jo galimyb\u0119 naudotis el. parduotuve arba i\u0161skirtiniais atvejais panaikinti Pirk\u0117jo registracij\u0105.<br \/>4.3. Pardav\u0117jas \u012fsipareigoja gerbti Pirk\u0117jo privatumo teis\u0119 \u012f Pirk\u0117jo priklausan\u010di\u0105 asmenin\u0119 informacij\u0105, nurodyt\u0105 el. parduotuv\u0117s registracijos formoje.<br \/>4.4. Pardav\u0117jas \u012fsipareigoja pristatyti Pirk\u0117jo u\u017esakytas prekes Pirk\u0117jo nurodytu adresu.<\/p>\n<p>[\/et_pb_text][\/et_pb_column][\/et_pb_row][\/et_pb_section]<\/p>\n","protected":false},"excerpt":{"rendered":"<p>[et_pb_section fb_built=&#187;1&#8243; admin_label=&#187;section&#187; _builder_version=&#187;4.7.7&#8243; hover_enabled=&#187;0&#8243; module_class=&#187;de-page-header&#187; sticky_enabled=&#187;0&#8243;][et_pb_row admin_label=&#187;row&#187; _builder_version=&#187;4.7.7&#8243; background_size=&#187;initial&#187; background_position=&#187;top_left&#187; background_repeat=&#187;repeat&#187; hover_enabled=&#187;0&#8243; module_alignment=&#187;center&#187; sticky_enabled=&#187;0&#8243;][et_pb_column type=&#187;4_4&#8243; _builder_version=&#187;3.25&#8243; custom_padding=&#187;|||&#187; custom_padding__hover=&#187;|||&#187;][et_pb_text _builder_version=&#187;4.7.7&#8243; _module_preset=&#187;default&#187; hover_enabled=&#187;0&#8243; sticky_enabled=&#187;0&#8243; admin_label=&#187;S\u0105lygos ir taisykl\u0117s&#187;] S\u0105lygos ir taisykl\u0117s [\/et_pb_text][et_pb_code _builder_version=&#187;4.7.7&#8243; _module_preset=&#187;default&#187; admin_label=&#187;Breadcrumbs Shortcode&#187; hover_enabled=&#187;0&#8243; sticky_enabled=&#187;0&#8243;][woo-breadcrumbs][\/et_pb_code][\/et_pb_column][\/et_pb_row][\/et_pb_section][et_pb_section fb_built=&#187;1&#8243; _builder_version=&#187;4.7.7&#8243; _module_preset=&#187;default&#187; hover_enabled=&#187;0&#8243; sticky_enabled=&#187;0&#8243;][et_pb_row _builder_version=&#187;4.7.7&#8243; _module_preset=&#187;default&#187; module_alignment=&#187;center&#187; hover_enabled=&#187;0&#8243; sticky_enabled=&#187;0&#8243;][et_pb_column _builder_version=&#187;4.7.7&#8243; _module_preset=&#187;default&#187; type=&#187;4_4&#8243;][et_pb_text _builder_version=&#187;4.7.7&#8243; _module_preset=&#187;default&#187; hover_enabled=&#187;0&#8243; sticky_enabled=&#187;0&#8243; text_font_size_last_edited=&#187;off|desktop&#187;] 1. [&hellip;]<\/p>\n","protected":false},"author":1,"featured_media":0,"parent":0,"menu_order":0,"comment_status":"closed","ping_status":"closed","template":"","meta":{"_et_pb_use_builder":"on","_et_pb_old_content":"","_et_gb_content_width":"","footnotes":""},"class_list":["post-12108","page","type-page","status-publish","hentry"],"jetpack_sharing_enabled":true,"_links":{"self":[{"href":"https:\/\/www.e-galex.lt\/ru\/wp-json\/wp\/v2\/pages\/12108","targetHints":{"allow":["GET"]}}],"collection":[{"href":"https:\/\/www.e-galex.lt\/ru\/wp-json\/wp\/v2\/pages"}],"about":[{"href":"https:\/\/www.e-galex.lt\/ru\/wp-json\/wp\/v2\/types\/page"}],"author":[{"embeddable":true,"href":"https:\/\/www.e-galex.lt\/ru\/wp-json\/wp\/v2\/users\/1"}],"replies":[{"embeddable":true,"href":"https:\/\/www.e-galex.lt\/ru\/wp-json\/wp\/v2\/comments?post=12108"}],"version-history":[{"count":2,"href":"https:\/\/www.e-galex.lt\/ru\/wp-json\/wp\/v2\/pages\/12108\/revisions"}],"predecessor-version":[{"id":12111,"href":"https:\/\/www.e-galex.lt\/ru\/wp-json\/wp\/v2\/pages\/12108\/revisions\/12111"}],"wp:attachment":[{"href":"https:\/\/www.e-galex.lt\/ru\/wp-json\/wp\/v2\/media?parent=12108"}],"curies":[{"name":"wp","href":"https:\/\/api.w.org\/{rel}","templated":true}]}}