{"id":11741,"date":"2021-01-22T01:22:29","date_gmt":"2021-01-21T23:22:29","guid":{"rendered":"http:\/\/www.e-galex.lt\/?page_id=11741"},"modified":"2021-01-22T01:22:32","modified_gmt":"2021-01-21T23:22:32","slug":"medziagos-spalvos","status":"publish","type":"page","link":"https:\/\/www.e-galex.lt\/ru\/medziagos-spalvos","title":{"rendered":"Med\u017eiagos\/spalvos"},"content":{"rendered":"<p>[et_pb_section fb_built=&#187;1&#8243; _builder_version=&#187;4.7.7&#8243; _module_preset=&#187;default&#187; module_class=&#187;de-page-header&#187; hover_enabled=&#187;0&#8243; sticky_enabled=&#187;0&#8243;][et_pb_row _builder_version=&#187;4.7.7&#8243; _module_preset=&#187;default&#187;][et_pb_column _builder_version=&#187;4.7.7&#8243; _module_preset=&#187;default&#187; type=&#187;4_4&#8243;][et_pb_text _builder_version=&#187;4.7.7&#8243; _module_preset=&#187;default&#187; admin_label=&#187;Galimi kulno tipai&#187; hover_enabled=&#187;0&#8243; sticky_enabled=&#187;0&#8243;]<\/p>\n<h1>Galimi kulno tipai<\/h1>\n<p>[\/et_pb_text][et_pb_code _builder_version=&#187;4.7.7&#8243; _module_preset=&#187;default&#187; admin_label=&#187;Breadcrumbs Shortcode&#187; hover_enabled=&#187;0&#8243; sticky_enabled=&#187;0&#8243;][woo-breadcrumbs][\/et_pb_code][\/et_pb_column][\/et_pb_row][\/et_pb_section][et_pb_section fb_built=&#187;1&#8243; _builder_version=&#187;4.7.7&#8243; _module_preset=&#187;default&#187;][et_pb_row _builder_version=&#187;4.7.7&#8243; _module_preset=&#187;default&#187;][et_pb_column _builder_version=&#187;4.7.7&#8243; _module_preset=&#187;default&#187; type=&#187;4_4&#8243;][et_pb_text _builder_version=&#187;4.7.7&#8243; _module_preset=&#187;default&#187; admin_label=&#187;Text&#187; hover_enabled=&#187;0&#8243; sticky_enabled=&#187;0&#8243;]<\/p>\n<p><strong>Galex<\/strong> bateliai yra gaminami i\u0161 auk\u0161\u010diausios kokyb\u0117s nat\u016brali\u0173 ir dirbtini\u0173 med\u017eiag\u0173, toki\u0173 kaip oda,atlasas,veli\u016bras. Med\u017eiagos parinkim\u0105 vyri\u0161kiems, moteri\u0161kiems ir vaiki\u0161kiems \u0161oki\u0173 bateliams lemia bat\u0173 stiliaus reikalavimai, taip pat galiojan\u010dios tarptautini\u0173 \u0161oki\u0173 organizacij\u0173 taisykl\u0117s, susijusios su drabu\u017eiais ir batais \u0161ok\u0117jams. Batai socialiniams \u0161okiams, sceniniams \u0161okiams, vestuviniai batai, taip pat batai kasdieniam naudojimui gali b\u016bti gaminami i\u0161 \u012fvairesni\u0173 med\u017eiag\u0173 atsi\u017evelgiant \u012f kliento norus.<\/p>\n<p>[\/et_pb_text][\/et_pb_column][\/et_pb_row][et_pb_row _builder_version=&#187;4.7.7&#8243; _module_preset=&#187;default&#187; column_structure=&#187;1_2,1_2&#8243;][et_pb_column _builder_version=&#187;4.7.7&#8243; _module_preset=&#187;default&#187; type=&#187;1_2&#8243;][et_pb_image _builder_version=&#187;4.7.7&#8243; _module_preset=&#187;default&#187; title_text=&#187;atlas&#187; src=&#187;http:\/\/www.e-galex.lt\/wp-content\/uploads\/2021\/01\/atlas.jpg&#187; show_in_lightbox=&#187;on&#187; admin_label=&#187;Image&#187; align=&#187;center&#187; custom_margin=&#187;||42px||false|false&#187; hover_enabled=&#187;0&#8243; sticky_enabled=&#187;0&#8243;][\/et_pb_image][et_pb_image _builder_version=&#187;4.7.7&#8243; _module_preset=&#187;default&#187; title_text=&#187;lakas&#187; src=&#187;http:\/\/www.e-galex.lt\/wp-content\/uploads\/2021\/01\/lakas.jpg&#187; show_in_lightbox=&#187;on&#187; admin_label=&#187;Image&#187; align=&#187;center&#187; custom_margin=&#187;||42px||false|false&#187; hover_enabled=&#187;0&#8243; sticky_enabled=&#187;0&#8243;][\/et_pb_image][\/et_pb_column][et_pb_column _builder_version=&#187;4.7.7&#8243; _module_preset=&#187;default&#187; type=&#187;1_2&#8243;][et_pb_image _builder_version=&#187;4.7.7&#8243; _module_preset=&#187;default&#187; title_text=&#187;oda&#187; src=&#187;http:\/\/www.e-galex.lt\/wp-content\/uploads\/2021\/01\/oda.jpg&#187; show_in_lightbox=&#187;on&#187; admin_label=&#187;Image&#187; align=&#187;center&#187; custom_margin=&#187;||42px||false|false&#187; hover_enabled=&#187;0&#8243; sticky_enabled=&#187;0&#8243;][\/et_pb_image][et_pb_image _builder_version=&#187;4.7.7&#8243; _module_preset=&#187;default&#187; title_text=&#187;ivairus&#187; src=&#187;http:\/\/www.e-galex.lt\/wp-content\/uploads\/2021\/01\/ivairus.jpg&#187; show_in_lightbox=&#187;on&#187; admin_label=&#187;Image&#187; align=&#187;center&#187; custom_margin=&#187;||42px||false|false&#187; hover_enabled=&#187;0&#8243; sticky_enabled=&#187;0&#8243;][\/et_pb_image][\/et_pb_column][\/et_pb_row][\/et_pb_section]<\/p>\n","protected":false},"excerpt":{"rendered":"<p>[et_pb_section fb_built=&#187;1&#8243; _builder_version=&#187;4.7.7&#8243; _module_preset=&#187;default&#187; module_class=&#187;de-page-header&#187; hover_enabled=&#187;0&#8243; sticky_enabled=&#187;0&#8243;][et_pb_row _builder_version=&#187;4.7.7&#8243; _module_preset=&#187;default&#187;][et_pb_column _builder_version=&#187;4.7.7&#8243; _module_preset=&#187;default&#187; type=&#187;4_4&#8243;][et_pb_text _builder_version=&#187;4.7.7&#8243; _module_preset=&#187;default&#187; admin_label=&#187;Galimi kulno tipai&#187; hover_enabled=&#187;0&#8243; sticky_enabled=&#187;0&#8243;] Galimi kulno tipai [\/et_pb_text][et_pb_code _builder_version=&#187;4.7.7&#8243; _module_preset=&#187;default&#187; admin_label=&#187;Breadcrumbs Shortcode&#187; hover_enabled=&#187;0&#8243; sticky_enabled=&#187;0&#8243;][woo-breadcrumbs][\/et_pb_code][\/et_pb_column][\/et_pb_row][\/et_pb_section][et_pb_section fb_built=&#187;1&#8243; _builder_version=&#187;4.7.7&#8243; _module_preset=&#187;default&#187;][et_pb_row _builder_version=&#187;4.7.7&#8243; _module_preset=&#187;default&#187;][et_pb_column _builder_version=&#187;4.7.7&#8243; _module_preset=&#187;default&#187; type=&#187;4_4&#8243;][et_pb_text _builder_version=&#187;4.7.7&#8243; _module_preset=&#187;default&#187; admin_label=&#187;Text&#187; hover_enabled=&#187;0&#8243; sticky_enabled=&#187;0&#8243;] Galex bateliai yra gaminami i\u0161 auk\u0161\u010diausios kokyb\u0117s nat\u016brali\u0173 ir dirbtini\u0173 med\u017eiag\u0173, toki\u0173 kaip [&hellip;]<\/p>\n","protected":false},"author":1,"featured_media":0,"parent":0,"menu_order":0,"comment_status":"closed","ping_status":"closed","template":"","meta":{"_et_pb_use_builder":"on","_et_pb_old_content":"","_et_gb_content_width":"","footnotes":""},"class_list":["post-11741","page","type-page","status-publish","hentry"],"jetpack_sharing_enabled":true,"_links":{"self":[{"href":"https:\/\/www.e-galex.lt\/ru\/wp-json\/wp\/v2\/pages\/11741","targetHints":{"allow":["GET"]}}],"collection":[{"href":"https:\/\/www.e-galex.lt\/ru\/wp-json\/wp\/v2\/pages"}],"about":[{"href":"https:\/\/www.e-galex.lt\/ru\/wp-json\/wp\/v2\/types\/page"}],"author":[{"embeddable":true,"href":"https:\/\/www.e-galex.lt\/ru\/wp-json\/wp\/v2\/users\/1"}],"replies":[{"embeddable":true,"href":"https:\/\/www.e-galex.lt\/ru\/wp-json\/wp\/v2\/comments?post=11741"}],"version-history":[{"count":2,"href":"https:\/\/www.e-galex.lt\/ru\/wp-json\/wp\/v2\/pages\/11741\/revisions"}],"predecessor-version":[{"id":11748,"href":"https:\/\/www.e-galex.lt\/ru\/wp-json\/wp\/v2\/pages\/11741\/revisions\/11748"}],"wp:attachment":[{"href":"https:\/\/www.e-galex.lt\/ru\/wp-json\/wp\/v2\/media?parent=11741"}],"curies":[{"name":"wp","href":"https:\/\/api.w.org\/{rel}","templated":true}]}}