{"id":11703,"date":"2021-01-22T00:27:53","date_gmt":"2021-01-21T22:27:53","guid":{"rendered":"http:\/\/www.e-galex.lt\/?page_id=11703"},"modified":"2021-02-28T21:34:50","modified_gmt":"2021-02-28T19:34:50","slug":"kaip-nustatyti-batu-dydi","status":"publish","type":"page","link":"https:\/\/www.e-galex.lt\/ru\/kaip-nustatyti-batu-dydi","title":{"rendered":"\u041a\u0430\u043a \u043e\u043f\u0440\u0435\u0434\u0435\u043b\u0438\u0442\u044c \u0440\u0430\u0437\u043c\u0435\u0440 \u043e\u0431\u0443\u0432\u0438"},"content":{"rendered":"<p>[et_pb_section fb_built=&#187;1&#8243; module_class=&#187;de-page-header&#187; _builder_version=&#187;4.7.7&#8243; _module_preset=&#187;default&#187;][et_pb_row _builder_version=&#187;4.7.7&#8243; _module_preset=&#187;default&#187;][et_pb_column type=&#187;4_4&#8243; _builder_version=&#187;4.7.7&#8243; _module_preset=&#187;default&#187;][et_pb_text admin_label=&#187;Kaip nustatyti bat\u0173 dyd\u012f&#187; _builder_version=&#187;4.7.7&#8243; _module_preset=&#187;default&#187;]<\/p>\n<h2 class=\"contentheading clearfix\">\u041a\u0430\u043a \u043e\u043f\u0440\u0435\u0434\u0435\u043b\u0438\u0442\u044c \u0440\u0430\u0437\u043c\u0435\u0440 \u043e\u0431\u0443\u0432\u0438<\/h2>\n<p>[\/et_pb_text][et_pb_code admin_label=&#187;Breadcrumbs Shortcode&#187; _builder_version=&#187;4.7.7&#8243; _module_preset=&#187;default&#187;][woo-breadcrumbs][\/et_pb_code][\/et_pb_column][\/et_pb_row][\/et_pb_section][et_pb_section fb_built=&#187;1&#8243; _builder_version=&#187;4.7.7&#8243; _module_preset=&#187;default&#187;][et_pb_row column_structure=&#187;1_2,1_2&#8243; _builder_version=&#187;4.7.7&#8243; _module_preset=&#187;default&#187;][et_pb_column type=&#187;1_2&#8243; _builder_version=&#187;4.7.7&#8243; _module_preset=&#187;default&#187;][et_pb_text admin_label=&#187;Text&#187; _builder_version=&#187;4.7.7&#8243; _module_preset=&#187;default&#187;]<\/p>\n<h2 class=\"contentheading clearfix\">\u0422\u0430\u0431\u043b\u0438\u0446\u0430 \u0441\u043e\u043e\u0442\u0432\u0435\u0442\u0441\u0442\u0432\u0438\u0439 \u0440\u0430\u0437\u043c\u0435\u0440\u043e\u0432<\/h2>\n<p>[\/et_pb_text][et_pb_image src=&#187;http:\/\/www.e-galex.lt\/wp-content\/uploads\/2021\/01\/dydziu-lentele.png&#187; title_text=&#187;dydziu-lentele&#187; show_in_lightbox=&#187;on&#187; align=&#187;center&#187; admin_label=&#187;Image&#187; _builder_version=&#187;4.7.7&#8243; _module_preset=&#187;default&#187;][\/et_pb_image][\/et_pb_column][et_pb_column type=&#187;1_2&#8243; _builder_version=&#187;4.7.7&#8243; _module_preset=&#187;default&#187;][et_pb_text admin_label=&#187;Text&#187; _builder_version=&#187;4.7.7&#8243; _module_preset=&#187;default&#187; hover_enabled=&#187;0&#8243; sticky_enabled=&#187;0&#8243;]<\/p>\n<h2>\u041a\u0430\u043a \u0438\u0437\u043c\u0435\u0440\u0438\u0442\u044c \u0412\u0430\u0448\u0443 \u0441\u0442\u043e\u043f\u0443<\/h2>\n<p>[\/et_pb_text][et_pb_image src=&#187;http:\/\/www.e-galex.lt\/wp-content\/uploads\/2021\/01\/galex_stopa.png&#187; title_text=&#187;galex_stopa&#187; show_in_lightbox=&#187;on&#187; align=&#187;center&#187; admin_label=&#187;Image&#187; _builder_version=&#187;4.7.7&#8243; _module_preset=&#187;default&#187;][\/et_pb_image][\/et_pb_column][\/et_pb_row][\/et_pb_section]<\/p>","protected":false},"excerpt":{"rendered":"<p>[et_pb_section fb_built=&#187;1&#8243; module_class=&#187;de-page-header&#187; _builder_version=&#187;4.7.7&#8243; _module_preset=&#187;default&#187;][et_pb_row _builder_version=&#187;4.7.7&#8243; _module_preset=&#187;default&#187;][et_pb_column type=&#187;4_4&#8243; _builder_version=&#187;4.7.7&#8243; _module_preset=&#187;default&#187;][et_pb_text admin_label=&#187;Kaip nustatyti bat\u0173 dyd\u012f&#187; _builder_version=&#187;4.7.7&#8243; _module_preset=&#187;default&#187;] \u041a\u0430\u043a \u043e\u043f\u0440\u0435\u0434\u0435\u043b\u0438\u0442\u044c \u0440\u0430\u0437\u043c\u0435\u0440 \u043e\u0431\u0443\u0432\u0438 [\/et_pb_text][et_pb_code admin_label=&#187;Breadcrumbs Shortcode&#187; _builder_version=&#187;4.7.7&#8243; _module_preset=&#187;default&#187;][woo-breadcrumbs][\/et_pb_code][\/et_pb_column][\/et_pb_row][\/et_pb_section][et_pb_section fb_built=&#187;1&#8243; _builder_version=&#187;4.7.7&#8243; _module_preset=&#187;default&#187;][et_pb_row column_structure=&#187;1_2,1_2&#8243; _builder_version=&#187;4.7.7&#8243; _module_preset=&#187;default&#187;][et_pb_column type=&#187;1_2&#8243; _builder_version=&#187;4.7.7&#8243; _module_preset=&#187;default&#187;][et_pb_text admin_label=&#187;Text&#187; _builder_version=&#187;4.7.7&#8243; _module_preset=&#187;default&#187;] \u0422\u0430\u0431\u043b\u0438\u0446\u0430 \u0441\u043e\u043e\u0442\u0432\u0435\u0442\u0441\u0442\u0432\u0438\u0439 \u0440\u0430\u0437\u043c\u0435\u0440\u043e\u0432 [\/et_pb_text][et_pb_image src=&#187;http:\/\/www.e-galex.lt\/wp-content\/uploads\/2021\/01\/dydziu-lentele.png&#187; title_text=&#187;dydziu-lentele&#187; show_in_lightbox=&#187;on&#187; align=&#187;center&#187; admin_label=&#187;Image&#187; _builder_version=&#187;4.7.7&#8243; _module_preset=&#187;default&#187;][\/et_pb_image][\/et_pb_column][et_pb_column type=&#187;1_2&#8243; _builder_version=&#187;4.7.7&#8243; _module_preset=&#187;default&#187;][et_pb_text admin_label=&#187;Text&#187; _builder_version=&#187;4.7.7&#8243; _module_preset=&#187;default&#187; hover_enabled=&#187;0&#8243; [&hellip;]<\/p>\n","protected":false},"author":1,"featured_media":0,"parent":0,"menu_order":0,"comment_status":"closed","ping_status":"closed","template":"","meta":{"_et_pb_use_builder":"on","_et_pb_old_content":"(Lietuvi\u0173) <p>[et_pb_section fb_built=\"1\" module_class=\"de-page-header\" _builder_version=\"4.7.7\" _module_preset=\"default\"][et_pb_row _builder_version=\"4.7.7\" _module_preset=\"default\"][et_pb_column type=\"4_4\" _builder_version=\"4.7.7\" _module_preset=\"default\"][et_pb_text admin_label=\"Kaip nustatyti bat\u0173 dyd\u012f\" _builder_version=\"4.7.7\" _module_preset=\"default\"]<\/p><h2 class=\"contentheading clearfix\">Kaip nustatyti bat\u0173 dyd\u012f<\/h2><p>[\/et_pb_text][et_pb_code admin_label=\"Breadcrumbs Shortcode\" _builder_version=\"4.7.7\" _module_preset=\"default\"][woo-breadcrumbs][\/et_pb_code][\/et_pb_column][\/et_pb_row][\/et_pb_section][et_pb_section fb_built=\"1\" _builder_version=\"4.7.7\" _module_preset=\"default\"][et_pb_row column_structure=\"1_2,1_2\" _builder_version=\"4.7.7\" _module_preset=\"default\"][et_pb_column type=\"1_2\" _builder_version=\"4.7.7\" _module_preset=\"default\"][et_pb_text admin_label=\"Text\" _builder_version=\"4.7.7\" _module_preset=\"default\"]<\/p><h2>Dyd\u017ei\u0173 atitikimo lentel\u0117<\/h2><p>[\/et_pb_text][et_pb_image src=\"http:\/\/www.e-galex.lt\/wp-content\/uploads\/2021\/01\/dydziu-lentele.png\" title_text=\"dydziu-lentele\" show_in_lightbox=\"on\" align=\"center\" admin_label=\"Image\" _builder_version=\"4.7.7\" _module_preset=\"default\"][\/et_pb_image][\/et_pb_column][et_pb_column type=\"1_2\" _builder_version=\"4.7.7\" _module_preset=\"default\"][et_pb_text admin_label=\"Text\" _builder_version=\"4.7.7\" _module_preset=\"default\"]<\/p><h2>Kaip i\u0161matuoti p\u0117d\u0105<\/h2><p>[\/et_pb_text][et_pb_image src=\"http:\/\/www.e-galex.lt\/wp-content\/uploads\/2021\/01\/galex_stopa.png\" title_text=\"galex_stopa\" show_in_lightbox=\"on\" align=\"center\" admin_label=\"Image\" _builder_version=\"4.7.7\" _module_preset=\"default\"][\/et_pb_image][\/et_pb_column][\/et_pb_row][\/et_pb_section]<\/p>","_et_gb_content_width":"","footnotes":""},"class_list":["post-11703","page","type-page","status-publish","hentry"],"jetpack_sharing_enabled":true,"_links":{"self":[{"href":"https:\/\/www.e-galex.lt\/ru\/wp-json\/wp\/v2\/pages\/11703","targetHints":{"allow":["GET"]}}],"collection":[{"href":"https:\/\/www.e-galex.lt\/ru\/wp-json\/wp\/v2\/pages"}],"about":[{"href":"https:\/\/www.e-galex.lt\/ru\/wp-json\/wp\/v2\/types\/page"}],"author":[{"embeddable":true,"href":"https:\/\/www.e-galex.lt\/ru\/wp-json\/wp\/v2\/users\/1"}],"replies":[{"embeddable":true,"href":"https:\/\/www.e-galex.lt\/ru\/wp-json\/wp\/v2\/comments?post=11703"}],"version-history":[{"count":31,"href":"https:\/\/www.e-galex.lt\/ru\/wp-json\/wp\/v2\/pages\/11703\/revisions"}],"predecessor-version":[{"id":28311,"href":"https:\/\/www.e-galex.lt\/ru\/wp-json\/wp\/v2\/pages\/11703\/revisions\/28311"}],"wp:attachment":[{"href":"https:\/\/www.e-galex.lt\/ru\/wp-json\/wp\/v2\/media?parent=11703"}],"curies":[{"name":"wp","href":"https:\/\/api.w.org\/{rel}","templated":true}]}}